{"id":7423,"date":"2024-04-25T11:47:11","date_gmt":"2024-04-25T09:47:11","guid":{"rendered":"https:\/\/editorialconcreta.org\/?page_id=7423"},"modified":"2024-05-29T21:42:14","modified_gmt":"2024-05-29T19:42:14","slug":"legal-notice","status":"publish","type":"page","link":"https:\/\/editorialconcreta.org\/en\/legal-notice\/","title":{"rendered":"Legal notice"},"content":{"rendered":"\n<h1 class=\"wp-block-heading h1_section_sobre\">LEGAL NOTICE<\/h1>\n\n\n\n<p>La presente es un aviso legal de obligada visualizaci\u00f3n que regula las condiciones de uso que deben ser observadas y acatadas por los usuarios de esta p\u00e1gina web. Le pedimos que lea lo m\u00e1s atentamente posible, ya que el hecho de acceder al mismo implica que usted ha le\u00eddo y aceptado sin ninguna reserva las condiciones que siguen.<\/p>\n\n\n\n<p><strong>Condiciones de uso del web site<\/strong><br>A los efectos del art\u00edculo 10 de la Ley 34\/2002, de 11 de julio, de la Ley de Servicios de la Sociedad de la Informaci\u00f3n y del Comercio Electr\u00f3nico, se informa al usuario que el titular de la p\u00e1gina web es la Asociaci\u00f3n Cultural Curatela Estudio y edici\u00f3n imagen contempor\u00e1nea con domicilio social en Valencia (46015) C\/ Mossen Rausell, 25 bajo; provista de N.I.F. n\u00famero G16974040; y con direcci\u00f3n electr\u00f3nica www.editorialconcreta.org.<\/p>\n\n\n\n<p>El usuario se compromete a hacer un uso diligente de la p\u00e1gina web y de los servicios accesibles desde el mismo y a no utilizar los servicios o informaciones contenidos en el web site para desarrollar actividades contrarias a las leyes, a la moral y a las buenas costumbres, al orden p\u00fablico y, en general, a un uso conforme al presente aviso legal. Para el uso de determinados servicios, el usuario tendr\u00e1 que registrarse previamente, seleccionando el identificador (ID o Usuario) y la contrase\u00f1a, personal e intransferible, que el usuario se compromete a conservar y a utilizar con la diligencia debida, con completa indemnidad para Editorial Concreta por lo que respecta a uso que se haga de dicha contrase\u00f1a. El usuario podr\u00e1 escoger en qu\u00e9 idioma (castellano o ingl\u00e9s) desea acceder a los contenidos de la web, as\u00ed como a la gesti\u00f3n de todos los servicios que en ella se le ofrecen. Editorial Concreta podr\u00e1 interrumpir temporalmente o definitivamente, seg\u00fan su buen criterio, el acceso a la p\u00e1gina web, as\u00ed como la prestaci\u00f3n de cualquier o de todos los servicios que se presten a trav\u00e9s del mismo, en cualquier momento y sin previo aviso. Finalmente, a los efectos del art\u00edculo 28 de la Ley de Servicios de la Sociedad de la Informaci\u00f3n y del Comercio Electr\u00f3nico, Editorial Concreta se compromete a confirmar cada compra que el usuario realice a trav\u00e9s del web en un plazo m\u00e1ximo de 48 horas. Esta confirmaci\u00f3n se har\u00e1 mediante un correo electr\u00f3nico al usuario pertinente.<\/p>\n\n\n\n<p><strong>Derechos de Propiedad Intelectual<\/strong><br>Esta p\u00e1gina web y sus contenidos se publican bajo la protecci\u00f3n, los t\u00e9rminos y las condiciones de la licencia Creative Commons \u00abReconocimiento-SinObraDerivada (by-nd)\u00bb. Por lo tanto se permite la copia en cualquier formato, mec\u00e1nico y digital, siempre y cuando no est\u00e9 destinada a usos comerciales, no se modifique el contenido de los textos, se respete su autor\u00eda y se mantenga esta nota. Cualquier uso que no sea descrito en la licencia antes mencionada requiere aprobaci\u00f3n expresa de los autores. Sin embargo, Editorial Concreta no asumir\u00e1 ninguna responsabilidad derivada, o que pudiera derivarse, de dicha alteraci\u00f3n o manipulaci\u00f3n por parte de terceros.<\/p>\n\n\n\n<p><strong>Limitaci\u00f3n de la responsabilidad<\/strong><br>Limitaci\u00f3n de la responsabilidad A trav\u00e9s de esta p\u00e1gina web, Editorial Concreta les proporciona y les da acceso a datos, programas, opiniones, cr\u00edticas o informaciones, cualesquiera que sea su origen, a trav\u00e9s de su red o redes. Editorial Concreta no garantiza la calidad, exactitud, fiabilidad, correcci\u00f3n o moralidad de los contenidos arriba referidos; consecuentemente, el usuario acepta expresamente dejar a Editorial Concreta exento de cualquier responsabilidad en relaci\u00f3n a lo anterior, y asume bajo su exclusiva responsabilidad las consecuencias, da\u00f1os o acciones que pudieran derivarse del acceso a dichos contenidos, as\u00ed como a su uso, reproducci\u00f3n o difusi\u00f3n.<\/p>\n\n\n\n<div style=\"height:100px\" aria-hidden=\"true\" class=\"wp-block-spacer esp_sobre\"><\/div>\n","protected":false},"excerpt":{"rendered":"LEGAL NOTICE La presente es un aviso legal de obligada visualizaci\u00f3n que regula las condiciones de uso que&hellip;\n","protected":false},"author":1,"featured_media":0,"parent":0,"menu_order":0,"comment_status":"closed","ping_status":"closed","template":"","meta":{"csco_singular_sidebar":"disabled","csco_page_header_type":"none","csco_custom_appearance":"","csco_disable_excerpt_posts_layout":false,"csco_page_load_nextpost":"","csco_post_video_location":[],"csco_post_video_location_hash":"","csco_post_video_url":"","csco_post_video_bg_start_time":0,"csco_post_video_bg_end_time":0,"footnotes":""},"ppma_author":[54],"class_list":{"0":"post-7423","1":"page","2":"type-page","3":"status-publish","5":"cs-entry","6":"cs-video-wrap"},"_links":{"self":[{"href":"https:\/\/editorialconcreta.org\/en\/wp-json\/wp\/v2\/pages\/7423","targetHints":{"allow":["GET"]}}],"collection":[{"href":"https:\/\/editorialconcreta.org\/en\/wp-json\/wp\/v2\/pages"}],"about":[{"href":"https:\/\/editorialconcreta.org\/en\/wp-json\/wp\/v2\/types\/page"}],"author":[{"embeddable":true,"href":"https:\/\/editorialconcreta.org\/en\/wp-json\/wp\/v2\/users\/1"}],"replies":[{"embeddable":true,"href":"https:\/\/editorialconcreta.org\/en\/wp-json\/wp\/v2\/comments?post=7423"}],"version-history":[{"count":0,"href":"https:\/\/editorialconcreta.org\/en\/wp-json\/wp\/v2\/pages\/7423\/revisions"}],"wp:attachment":[{"href":"https:\/\/editorialconcreta.org\/en\/wp-json\/wp\/v2\/media?parent=7423"}],"wp:term":[{"taxonomy":"author","embeddable":true,"href":"https:\/\/editorialconcreta.org\/en\/wp-json\/wp\/v2\/ppma_author?post=7423"}],"curies":[{"name":"wp","href":"https:\/\/api.w.org\/{rel}","templated":true}]}}