{"id":7425,"date":"2024-04-25T13:54:27","date_gmt":"2024-04-25T11:54:27","guid":{"rendered":"https:\/\/editorialconcreta.org\/?page_id=7425"},"modified":"2024-05-29T21:39:40","modified_gmt":"2024-05-29T19:39:40","slug":"purchasing-policy","status":"publish","type":"page","link":"https:\/\/editorialconcreta.org\/en\/purchasing-policy\/","title":{"rendered":"Purchasing policy"},"content":{"rendered":"\n<h1 class=\"wp-block-heading h1_section_sobre\">PURCHASING POLICY<\/h1>\n\n\n\n<p>La simple aceptaci\u00f3n de la compra mediante la confirmaci\u00f3n del pedido realizado, implica que usted acepta las presentes condiciones, las cuales regir\u00e1n, en defecto de condiciones particulares, la relaci\u00f3n establecida entre usted y Asociaci\u00f3n Cultural Curatela (Concreta).<\/p>\n\n\n\n<p>Los datos de Asociaci\u00f3n Cultural Curatela (Concreta) son los siguientes:<\/p>\n\n\n\n<p class=\"cnvs-block-core-paragraph-1714046147328\">Asociaci\u00f3n Cultural Curatela<br>Estudio y edici\u00f3n imagen contempor\u00e1nea<br>C\/ Mossen Rausell, 25<br>46015 Valencia<br>G16974040<\/p>\n\n\n\n<p>Se pone a disposici\u00f3n del usuario la direcci\u00f3n de correo electr\u00f3nico oficina@editorialconcreta.org para resolver cualquier duda que pudiera surgir respecto de las presentes condiciones.<\/p>\n\n\n\n<p>Mediante la aceptaci\u00f3n del contrato usted declara:<br>a) Que dispone de capacidad para contratar, de acuerdo con la normativa espa\u00f1ola aplicable.<br>b) Que ha le\u00eddo y acepta expresamente todas y cada una de las presentes Condiciones Generales.<\/p>\n\n\n\n<p><strong>\u00c1mbito de aplicaci\u00f3n<\/strong><br>Las presentes condiciones generales regir\u00e1n la relaci\u00f3n comercial establecida entre usted y Editorial Concreta formalizada por la ejecuci\u00f3n de un pedido, utilizaci\u00f3n de los servicios, compra o solicitud de los productos o servicios que el titular de la p\u00e1gina ofrece a trav\u00e9s de la misma. Los servicios o productos se ofrecen desde el espacio web asignado al dominio www.editorialconcreta.org, por lo que cualquier compra efectuada fuera de dicho espacio no vincular\u00e1 a Editorial Concreta.<\/p>\n\n\n\n<p><strong>Aceptaci\u00f3n y vigencia de las Condiciones Generales<\/strong><br>De acuerdo con las siguientes condiciones, estas podr\u00e1n ser modificadas, por lo que a la relaci\u00f3n establecida con usted ser\u00e1n v\u00e1lidas y aplicables las vigentes a la fecha de la aceptaci\u00f3n. Las presentes cl\u00e1usulas empezar\u00e1n a regir desde el momento de la perfecci\u00f3n del contrato, de acuerdo con lo establecido en la Ley 34\/2002. La modificaci\u00f3n de las Condiciones Generales ser\u00e1 notificada a los usuarios a trav\u00e9s de la misma p\u00e1gina web. Por ello, recomendamos al usuario que consulte las condiciones vigentes en el momento de utilizar los servicios telem\u00e1ticos de Editorial Concreta. En todo caso, la notificaci\u00f3n se efectuar\u00e1 con la suficiente antelaci\u00f3n y las condiciones generales estar\u00e1n disponibles para su consulta antes de efectuar la contrataci\u00f3n.De acuerdo con las siguientes condiciones, estas podr\u00e1n ser modificadas, por lo que a la relaci\u00f3n establecida con usted ser\u00e1n v\u00e1lidas y aplicables las vigentes a la fecha de la aceptaci\u00f3n. Las presentes cl\u00e1usulas empezar\u00e1n a regir desde el momento de la perfecci\u00f3n del contrato, de acuerdo con lo establecido en la Ley 34\/2002. La modificaci\u00f3n de las Condiciones Generales ser\u00e1 notificada a los usuarios a trav\u00e9s de la misma p\u00e1gina web. Por ello, recomendamos al usuario que consulte las condiciones vigentes en el momento de utilizar los servicios telem\u00e1ticos de Editorial Concreta. En todo caso, la notificaci\u00f3n se efectuar\u00e1 con la suficiente antelaci\u00f3n y las condiciones generales estar\u00e1n disponibles para su consulta antes de efectuar la contrataci\u00f3n.<\/p>\n\n\n\n<p><strong>Informaci\u00f3n sobre los productos<\/strong><br>En cada presentaci\u00f3n del producto ofrecido en la p\u00e1gina web se describen las caracter\u00edsticas de los mismos. Si desea m\u00e1s informaci\u00f3n acerca de los mismos puede solicitarla por correo electr\u00f3nico (oficina@editorialconcreta.org) o a la direcci\u00f3n de contacto especificada anteriormente.<\/p>\n\n\n\n<p><strong>Forma de efectuar la compra<\/strong><br>Editorial Concreta establece el presente procedimiento para efectuar la adquisici\u00f3n de productos a trav\u00e9s de su p\u00e1gina web.<\/p>\n\n\n\n<p class=\"left_20p\"><strong>Registro<\/strong><br>Si ha elegido la opci\u00f3n &#8220;Comprar&#8221;, le aparecer\u00e1 la pantalla de registro:<\/p>\n\n\n\n<ul class=\"wp-block-list\">\n<li>Si Ud. ya se ha registrado en Editorial Concreta, teclee su e-mail y su clave y marque el bot\u00f3n de &#8220;Entrar&#8221;. Sus datos ser\u00e1n localizados en nuestra base de datos y podr\u00e1 continuar con el procedimiento de compra.<\/li>\n\n\n\n<li>Si ha olvidado su contrase\u00f1a, acceda a &#8220;Recordar contrase\u00f1a&#8221;. Desde all\u00ed, simplemente, introduzca su direcci\u00f3n de e-mail y le enviaremos su password a su correo electr\u00f3nico lo antes posible.<\/li>\n\n\n\n<li>Si es la primera vez que compra en Editorial Concreta y no se ha registrado previamente, marque el bot\u00f3n &#8220;Nuevo usuario&#8221;. Completando el formulario de registro, podr\u00e1 continuar con el procedimiento de compra.<\/li>\n<\/ul>\n\n\n\n<p class=\"left_20p\">En dicho proceso usted podr\u00e1 indicar, adem\u00e1s, toda la informaci\u00f3n que desee para facilitar sus compras y gesti\u00f3n de sus encargos en. Editorial Concreta. Asimismo usted podr\u00e1 indicarnos si desea recibir informaci\u00f3n sobre nuestras actividades editoriales.<\/p>\n\n\n\n<p class=\"left_20p\"><strong>Cesta de la compra<\/strong><br>Una vez localizado el o los libros\/art\u00edculos que desea adquirir haga clic en la opci\u00f3n &#8220;Cesta de la compra&#8221;. Despu\u00e9s de clicar en &#8220;Cesta de la compra&#8221; tiene dos opciones: continuar buscando nuevos t\u00edtulos (marcando la opci\u00f3n &#8220;Volver&#8221;) o bien proseguir con la compra (marcando &#8220;Comprar&#8221;).<\/p>\n\n\n\n<p class=\"left_20p\"><strong>Datos de pago y env\u00edo<\/strong><br>Deber\u00e1 escoger la opci\u00f3n deseada teniendo en cuenta que las distintas opciones de env\u00edo conllevan distintos plazos de entrega. En todos los sistemas de pago ser\u00e1 obligatorio el NIF de la persona que accede al pago de la compra.<\/p>\n\n\n\n<p class=\"left_20p\"><strong>Confirmaci\u00f3n de pago<\/strong><br>Con todos los datos de su compra en la pantalla, usted debe repasarlos y escoger una de las dos opciones:<\/p>\n\n\n\n<ul class=\"wp-block-list\">\n<li>VOLVER y corregir alguno de los datos introducidos con anterioridad.<\/li>\n\n\n\n<li>CONFIRMAR la compra.<\/li>\n<\/ul>\n\n\n\n<p class=\"left_20p\"><strong>El detalle de la compra<\/strong><br>Resumen y detalle de la compra efectuada.<\/p>\n\n\n\n<p class=\"left_20p\"><strong>Formalizaci\u00f3n del pedido<\/strong><br>Una vez completados los datos y, en el menor tiempo posible, le responderemos confirm\u00e1ndole la disponibilidad de los libros solicitados y la fecha del env\u00edo.<\/p>\n\n\n\n<p><strong>Disponibilidad de los productos y confirmaci\u00f3n del pedido<\/strong><br>La informaci\u00f3n relativa a la disponibilidad de un libro, que aparece en el detalle del mismo, est\u00e1 sujeta a cambios sin previo aviso dependiendo de la demanda de nuestros clientes.<\/p>\n\n\n\n<p>Cuando realice un pedido se lo confirmaremos por correo electr\u00f3nico, inform\u00e1ndole asimismo sobre cualquier modificaci\u00f3n de disponibilidad relativa a los libros que haya solicitado. Si encuentra cualquier error o discrepancia con respecto al precio, la entrega o la forma de pago, comun\u00edquenoslo de inmediato a oficina@editorialconcreta.org.<\/p>\n\n\n\n<p><strong>Precio de los productos<\/strong><br>Todos los precios indicados en la p\u00e1gina web est\u00e1n vigentes hasta agotar existencias. En el caso de los productos cuya disponibilidad no sea inmediata, dicha disponibilidad no se confirmar\u00e1 hasta que Editorial Concreta lo haya consultado con el proveedor correspondiente.<\/p>\n\n\n\n<p>Los precios individuales de cada uno de los productos incluyen el IVA y los dem\u00e1s impuestos que pudieran corresponderles.<\/p>\n\n\n\n<p>El importe de la factura que emita el punto de venta y el importe indicado en la confirmaci\u00f3n de compra o reserva online que Editorial Concreta hubiera enviado al comprador deber\u00e1n coincidir. En caso de divergencia, el importe v\u00e1lido ser\u00e1 el del documento de confirmaci\u00f3n de la reserva o de la compra realizada a trav\u00e9s de www.editorialconcreta.org.<\/p>\n\n\n\n<p><strong>Anulaci\u00f3n de pedidos<\/strong><br>Editorial Concreta se reserva el derecho de anular aquellos pedidos efectuados en base a errores tipogr\u00e1ficos, aritm\u00e9ticos o que contengan una direcci\u00f3n de env\u00edo imprecisa que pueda dificultar la entrega de los art\u00edculos.<\/p>\n\n\n\n<p>Si desea anular un pedido todav\u00eda no expedido, puede hacerlo envi\u00e1ndonos un e-mail a oficina@editorialconcreta.org con el n\u00famero del pedido que desea cancelar. Una vez expedido el pedido no se aceptar\u00e1 anulaci\u00f3n alguna.<\/p>\n\n\n\n<p><strong>Condiciones de entrega y tarifas<\/strong><br>Cada una de las siguientes formas de env\u00edo que le ofrecemos implican unos gastos y unas formas de entrega distintos. <\/p>\n\n\n\n<p>Los tiempos de entrega de las distintas formas de env\u00edo var\u00edan seg\u00fan el pa\u00eds receptor y la modalidad escogida:<\/p>\n\n\n\n<ul class=\"wp-block-list\">\n<li>Env\u00edos o Correos nacionales superficie (10-15 d\u00edas).<\/li>\n\n\n\n<li>Env\u00edos o Correo internacionales a\u00e9reo (15-45 d\u00edas).<\/li>\n<\/ul>\n\n\n\n<p>A continuaci\u00f3n, las tarifas de nuestros gastos de env\u00edo por Correo nacional\/internacional:<\/p>\n\n\n\n<figure class=\"wp-block-table\"><table><tbody><tr><td>Destino<\/td><td>Hasta 30 euros<\/td><td>Entre 31 y 100 euros<\/td><td>M\u00e1s de 101 euros<\/td><\/tr><tr><td>Espa\u00f1a y Portugal<\/td><td>1,95<\/td><td>4,95<\/td><td>5,95<\/td><\/tr><tr><td>Resto del mundo<\/td><td>5,95<\/td><td>11,95<\/td><td>15,95<\/td><\/tr><\/tbody><\/table><\/figure>\n\n\n\n<p>El servicio de Correos puede estimar oportuna la entrega del env\u00edo en la oficina m\u00e1s cercana debido al peso o al volumen del mismo. Si usted desea un servicio de mensajer\u00eda espec\u00edfico por favor, p\u00f3ngase en contacto a trav\u00e9s de la direcci\u00f3n de correo electr\u00f3nico info@editorialconcreta.org o el tel\u00e9fono +34 696 310 684.<\/p>\n\n\n\n<p><strong>Devoluci\u00f3n de la compra<\/strong><br>Editorial Concreta le informa que dispone usted del derecho de desistimiento, siempre que los productos adquiridos no se encuentren en las categor\u00edas contempladas en el Art\u00edculo 45 de la Ley de Ordenaci\u00f3n del Comercio Minorista, que ser\u00e1 ejercitado de acuerdo con las siguientes condiciones.<\/p>\n\n\n\n<p>Editorial Concreta aceptar\u00e1 todas las devoluciones que se efect\u00faen dentro del plazo se\u00f1alado (15 d\u00edas h\u00e1biles desde la recepci\u00f3n del libro) y siempre que el mismo se encuentre en perfecto estado. Una vez recibido el libro, Editorial Concreta proceder\u00e1 a la previa comprobaci\u00f3n de su estado antes de proceder al reintegro de su importe.<\/p>\n\n\n\n<p>En el caso de que reciba un libro en mal estado, podr\u00e1 devolverlo y Editorial Concreta le reembolsar\u00e1 el importe \u00edntegro del mismo (precio del libro y gastos de env\u00edo), limit\u00e1ndose, en cualquier caso, la responsabilidad de Editorial Concreta a dicha reposici\u00f3n.<\/p>\n\n\n\n<p>Las devoluciones o reclamaciones pueden hacerse efectivas en la direcci\u00f3n indicada en el encabezamiento de las presentes condiciones.<\/p>\n\n\n\n<p><strong>Formas de pago<\/strong><br>Editorial Concreta aceptar\u00e1 las siguientes formas de pago para las compras efectuadas en su portal de acuerdo con las condiciones establecidas aqu\u00ed y en la normativa aplicable correspondiente:<\/p>\n\n\n\n<ul class=\"wp-block-list\">\n<li>Tarjeta de cr\u00e9dito o de d\u00e9bito (Visa, MasterCard, American Express, Visa Electr\u00f3n y\/o otras tarjetas an\u00e1logas): servir\u00e1 para pagar los art\u00edculos que aparezcan no disponibles en el momento de la compra mediante la plataforma PayPal.<\/li>\n\n\n\n<li>ransferencia bancaria: Contacte con nosotros y le facilitaremos el n\u00famero de cuenta al que puede hacer una transferencia por el total de la compra m\u00e1s los gastos de env\u00edo. En cuanto nos mande una copia del resguardo de la transferencia procederemos al env\u00edo del pedido. Editorial Concreta no asume las comisiones bancarias que puedan aplicarse en las transferencias internacionales.<\/li>\n<\/ul>\n\n\n\n<p>Los compradores deber\u00e1n notificar a Editorial Concreta cualquier cargo indebido o fraudulento en la tarjeta utilizada para las compras, mediante e-mail al correo info@editorialconcreta.org, en el menor plazo de tiempo posible para que Editorial Concreta pueda realizar las gestiones oportunas.<\/p>\n\n\n\n<p><strong>Protecci\u00f3n de datos personales<\/strong><br>Por favor, consulte nuestra p\u00e1gina de <a href=\"https:\/\/editorialconcreta.org\/en\/privacy-policy\/\" data-type=\"page\" data-id=\"7362\">Pol\u00edtica de privacidad<\/a>.<\/p>\n\n\n\n<p><strong>Uso del servicio y responsabilidades<\/strong><br>Editorial Concreta no asume responsabilidad alguna derivada, a t\u00edtulo enunciativo pero no limitativo:<\/p>\n\n\n\n<ol class=\"wp-block-list\">\n<li>De la utilizaci\u00f3n que los Usuarios Registrados o Visitantes puedan hacer de los materiales de esta web o webs de enlace, ya sean prohibidos o permitidos, en infracci\u00f3n de los derechos de propiedad intelectual y\/o industrial de contenidos de la web o de terceros.<\/li>\n\n\n\n<li>De los eventuales da\u00f1os y perjuicios a los Usuarios Registrados o Visitantes causados por un funcionamiento normal o anormal de las herramientas de b\u00fasqueda, de la organizaci\u00f3n o la localizaci\u00f3n de los contenidos y\/o acceso a la web y, en general, de los errores o problemas que se generen en el desarrollo o instrumentaci\u00f3n de los elementos t\u00e9cnicos que la web o un programa facilite al Usuario Registrado.<\/li>\n\n\n\n<li>De los contenidos de aquellas p\u00e1ginas a las que los Usuarios Registrados o Visitantes puedan acceder desde enlaces incluidos en la web, ya sean autorizados o no.<\/li>\n\n\n\n<li>De los actos u omisiones de terceros, con independencia de que estos terceros pudiesen estar unidos a Editorial Concreta mediante v\u00eda contractual.<\/li>\n\n\n\n<li>Del acceso de menores de edad a los contenidos incluidos en la web, siendo responsabilidad de su progenitores o tutores ejercer un control adecuado sobre la actividad de los hijos o menores a su cargo o bien instalar alguna de las herramientas de control del uso de Internet con el objeto de evitar (i) el acceso a materiales o contenidos no aptos para menores, as\u00ed como (ii) el env\u00edo de datos personales sin la previa autorizaci\u00f3n de sus progenitores o tutores.<\/li>\n\n\n\n<li>De las comunicaciones o di\u00e1logos en el transcurso de los debates, foros, chats, y comunidades virtuales que se organicen a trav\u00e9s de o entorno a la web y\/o webs de enlace, ni responder\u00e1, por tanto, de los eventuales da\u00f1os y perjuicios que sufran los usuarios registrados o visitantes particulares y\/o colectivos a consecuencia de dichas comunicaciones y\/o di\u00e1logos.<\/li>\n<\/ol>\n\n\n\n<p>Editorial Concreta no ser\u00e1 responsable en ning\u00fan caso cuando se produzcan:<\/p>\n\n\n\n<ol class=\"wp-block-list\">\n<li>Errores o retrasos en el acceso al sitio web por parte del Usuario Registrado a la hora de introducir sus datos en el formulario de pedido, la lentitud o imposibilidad de recepci\u00f3n por parte de los destinatarios de la confirmaci\u00f3n del pedido o cualquier anomal\u00eda que pueda surgir cuando estas incidencias sean debidas a problemas en la red Internet, causa de caso fortuito o fuerza mayor y cualquier otra contingencia imprevisible ajena a la buena fe de la Sociedad.<\/li>\n\n\n\n<li>Fallos o incidencias que pudieran producirse en las comunicaciones, borrador o transmisiones incompletas, de manera que no se garantiza que los servicios del sitio web est\u00e9n constantemente operativos.<\/li>\n\n\n\n<li>De los errores o da\u00f1os producidos al sitio web por un uso del servicio ineficiente y de mala fe por parte del Usuario Registrado.<\/li>\n\n\n\n<li>De la no operatividad o problemas en la direcci\u00f3n de e-mail facilitada por el Usuario Registrado para el env\u00edo de la confirmaci\u00f3n del pedido.<\/li>\n<\/ol>\n\n\n\n<p>En todo caso, Editorial Concreta se compromete a solucionar los problemas que puedan surgir y a ofrecer todo el apoyo necesario al Usuario Registrado para llegar a una soluci\u00f3n y satisfacci\u00f3n de la incidencia.<\/p>\n\n\n\n<p>Asimismo, Editorial Concreta tiene derecho a realizar durante intervalos temporales definidos, campa\u00f1as promocionales para promover el registro de nuevos miembros en su servicio. Editorial Concreta se reserva el derecho de modificar las condiciones de aplicaci\u00f3n de la promoci\u00f3n, prorrogarlas comunic\u00e1ndolo debidamente, o proceder a la exclusi\u00f3n de cualquier de los participantes de la promoci\u00f3n en el supuesto de detectar cualquier anomal\u00eda, abuso o comportamiento poco \u00e9tico en la participaci\u00f3n de los mismos.<\/p>\n\n\n\n<p><strong>Nulidad de las cl\u00e1usulas<\/strong><br>Si cualquier cl\u00e1usula inclu\u00edda en estas Condiciones Generales fuese declarada, total o parcialmente, nula o ineficaz, tal nulidad o ineficacia afectar\u00e1 tan s\u00f3lo a dicha disposici\u00f3n o a la parte de la misma que resulte nula o ineficaz, subsistiendo las Condiciones Generales en todo lo dem\u00e1s.<\/p>\n\n\n\n<p><strong>Reclamaci\u00f3n de pedidos<\/strong><br>Para cualquier reclamaci\u00f3n, p\u00f3ngase en contacto a trav\u00e9s de la direcci\u00f3n de correo electr\u00f3nico info@editorialconcreta.org o del tel\u00e9fono +34 696 310 684.<\/p>\n\n\n\n<p><strong>Ley aplicable<\/strong><br>Los posibles conflictos relativos a esta web se regir\u00e1n exclusivamente por la legislaci\u00f3n espa\u00f1ola siendo los juzgados de Valencia los \u00fanicos competentes. Toda persona usuaria de la web, independientemente de la jurisdicci\u00f3n territorial desde la cual se produzca su acceso, acepta el cumplimiento y respecto de esta cl\u00e1usula con renuncia expresa a cualquier otro fuero que le pudiera corresponder.<\/p>\n\n\n\n<div style=\"height:100px\" aria-hidden=\"true\" class=\"wp-block-spacer esp_sobre\"><\/div>\n","protected":false},"excerpt":{"rendered":"PURCHASING POLICY La simple aceptaci\u00f3n de la compra mediante la confirmaci\u00f3n del pedido realizado, implica que usted acepta&hellip;\n","protected":false},"author":1,"featured_media":0,"parent":0,"menu_order":0,"comment_status":"closed","ping_status":"closed","template":"","meta":{"csco_singular_sidebar":"disabled","csco_page_header_type":"none","csco_custom_appearance":"","csco_disable_excerpt_posts_layout":false,"csco_page_load_nextpost":"","csco_post_video_location":[],"csco_post_video_location_hash":"","csco_post_video_url":"","csco_post_video_bg_start_time":0,"csco_post_video_bg_end_time":0,"footnotes":""},"ppma_author":[54],"class_list":{"0":"post-7425","1":"page","2":"type-page","3":"status-publish","5":"cs-entry","6":"cs-video-wrap"},"_links":{"self":[{"href":"https:\/\/editorialconcreta.org\/en\/wp-json\/wp\/v2\/pages\/7425","targetHints":{"allow":["GET"]}}],"collection":[{"href":"https:\/\/editorialconcreta.org\/en\/wp-json\/wp\/v2\/pages"}],"about":[{"href":"https:\/\/editorialconcreta.org\/en\/wp-json\/wp\/v2\/types\/page"}],"author":[{"embeddable":true,"href":"https:\/\/editorialconcreta.org\/en\/wp-json\/wp\/v2\/users\/1"}],"replies":[{"embeddable":true,"href":"https:\/\/editorialconcreta.org\/en\/wp-json\/wp\/v2\/comments?post=7425"}],"version-history":[{"count":0,"href":"https:\/\/editorialconcreta.org\/en\/wp-json\/wp\/v2\/pages\/7425\/revisions"}],"wp:attachment":[{"href":"https:\/\/editorialconcreta.org\/en\/wp-json\/wp\/v2\/media?parent=7425"}],"wp:term":[{"taxonomy":"author","embeddable":true,"href":"https:\/\/editorialconcreta.org\/en\/wp-json\/wp\/v2\/ppma_author?post=7425"}],"curies":[{"name":"wp","href":"https:\/\/api.w.org\/{rel}","templated":true}]}}