{"id":7427,"date":"2024-04-25T12:01:10","date_gmt":"2024-04-25T10:01:10","guid":{"rendered":"https:\/\/editorialconcreta.org\/?page_id=7427"},"modified":"2024-06-27T13:39:45","modified_gmt":"2024-06-27T11:39:45","slug":"privacy-policy","status":"publish","type":"page","link":"https:\/\/editorialconcreta.org\/en\/privacy-policy\/","title":{"rendered":"Privacy policy"},"content":{"rendered":"\n<h1 class=\"wp-block-heading h1_section_sobre\">PRIVACY POLICY<\/h1>\n\n<p><strong>Protecci\u00f3n de datos personales<\/strong><br\/>En cumplimiento de la establecido en la Ley Org\u00e1nica 15\/1999, de Protecci\u00f3n de Datos de Car\u00e1cter Personal, le informamos de que la cumplimentaci\u00f3n de cualquier formulario existente en sitio web www.editorialconcreta.org o la remisi\u00f3n de un correo electr\u00f3nico a cualquier de nuestros buzones, ser\u00e1n tratados con la m\u00e1xima confidencialidad y formar\u00e1n parte del fichero automatizado titularidad de Editorial Concreta, para su gesti\u00f3n y dar respuesta a los mismos, as\u00ed como, para la gesti\u00f3n comercial que nos vincule, y el env\u00edo a trav\u00e9s de e-mail de las ventas que realice Editorial Concreta, para la entrega de las compras, y la informaci\u00f3n sobre las ofertas que creamos de su inter\u00e9s.<\/p>\n\n<p>La sociedad presume que los datos han sido introducidos por su titular o por personas autorizadas por este, as\u00ed como que son correctos y exactos.<\/p>\n\n<p>Corresponde a los Usuarios Registrados la actualizaci\u00f3n de sus propios datos.<\/p>\n\n<p>En cualquier momento, el Usuario Registrado tendr\u00e1 el derecho de acceso, rectificaci\u00f3n, cancelaci\u00f3n y oposici\u00f3n a todos sus datos personales. Para ejercer esta facultad (en especial la de darse de baja) el Usuario Registrado deber\u00e1 enviar una petici\u00f3n escrita dirigida al responsable de comunicaci\u00f3n, remitiendo su solicitud a la direcci\u00f3n de correo electr\u00f3nico info@editorialconcreta.org, o bien al departamento de atenci\u00f3n al cliente de Editorial Concreta en la direcci\u00f3n: C\/ Mossen Rausell 25 bajo, 46015, Valencia. Ser\u00e1 necesario que acredite su personalidad mediante el env\u00edo de fotocopia de Documento Nacional de Identidad o cualquier otro medio v\u00e1lido en Derecho. Para ejercer la facultad de rectificaci\u00f3n o modificaci\u00f3n de datos personales, Editorial Concreta aconseja que lo realice por medio de los servicios que ofrece la propia web. Por lo tanto, el Usuario Registrado es responsable de la veracidad de los datos y Editorial Concreta no ser\u00e1 responsable de la inexactitud de los datos personales de los Usuarios Registrados.<\/p>\n\n<p>Conforme a la legislaci\u00f3n vigente en materia de protecci\u00f3n de datos, Editorial Concreta ha adoptado los niveles de seguridad adecuados a los datos facilitados por los Usuarios Registrados, y, adem\u00e1s, ha instalado todos los medios y medidas a su alcance para evitar la p\u00e9rdida, mal uso, alteraci\u00f3n, acceso no autorizado y extracci\u00f3n de los mismos.<\/p>\n\n<p><strong>Cookies<\/strong><br\/>Visit our page <a href=\"https:\/\/editorialconcreta.org\/en\/use-of-cookies\/\" data-type=\"page\" data-id=\"7366\">Use and Treatment of Cookies, LOPD, RGPD<\/a><\/p>\n\n<p><strong>Nulidad de cl\u00e1usulas<\/strong><br\/>Si cualquier cl\u00e1usula inclu\u00edda en esta Pol\u00edtica de privacidad fuese declarada, total o parcialmente, nula o ineficaz, tal nulidad o ineficacia afectar\u00e1 tan s\u00f3lo a dicha disposici\u00f3n o a la parte de la misma que resulte nula o ineficaz, subsistiendo la Pol\u00edtica de privacidad en todo lo dem\u00e1s.<\/p>\n\n<p><strong>Ley aplicable<\/strong><br\/>Los posibles conflictos relativos a esta web se regir\u00e1n exclusivamente por la legislaci\u00f3n espa\u00f1ola siendo los juzgados de Valencia los \u00fanicos competentes. Toda persona usuaria de la web, independientemente de la jurisdicci\u00f3n territorial desde la cual se produzca su acceso, acepta el cumplimiento y respecto de esta cl\u00e1usula con renuncia expresa a cualquier otro fuero que le pudiera corresponder.<\/p>\n\n<div style=\"height:100px\" aria-hidden=\"true\" class=\"wp-block-spacer esp_sobre\"><\/div>\n","protected":false},"excerpt":{"rendered":"PRIVACY POLICY Protecci\u00f3n de datos personalesEn cumplimiento de la establecido en la Ley Org\u00e1nica 15\/1999, de Protecci\u00f3n de&hellip;\n","protected":false},"author":1,"featured_media":0,"parent":0,"menu_order":0,"comment_status":"closed","ping_status":"closed","template":"","meta":{"csco_singular_sidebar":"disabled","csco_page_header_type":"none","csco_custom_appearance":"","csco_disable_excerpt_posts_layout":false,"csco_page_load_nextpost":"","csco_post_video_location":[],"csco_post_video_location_hash":"","csco_post_video_url":"","csco_post_video_bg_start_time":0,"csco_post_video_bg_end_time":0,"footnotes":""},"ppma_author":[54],"class_list":{"0":"post-7427","1":"page","2":"type-page","3":"status-publish","5":"cs-entry","6":"cs-video-wrap"},"_links":{"self":[{"href":"https:\/\/editorialconcreta.org\/en\/wp-json\/wp\/v2\/pages\/7427","targetHints":{"allow":["GET"]}}],"collection":[{"href":"https:\/\/editorialconcreta.org\/en\/wp-json\/wp\/v2\/pages"}],"about":[{"href":"https:\/\/editorialconcreta.org\/en\/wp-json\/wp\/v2\/types\/page"}],"author":[{"embeddable":true,"href":"https:\/\/editorialconcreta.org\/en\/wp-json\/wp\/v2\/users\/1"}],"replies":[{"embeddable":true,"href":"https:\/\/editorialconcreta.org\/en\/wp-json\/wp\/v2\/comments?post=7427"}],"version-history":[{"count":0,"href":"https:\/\/editorialconcreta.org\/en\/wp-json\/wp\/v2\/pages\/7427\/revisions"}],"wp:attachment":[{"href":"https:\/\/editorialconcreta.org\/en\/wp-json\/wp\/v2\/media?parent=7427"}],"wp:term":[{"taxonomy":"author","embeddable":true,"href":"https:\/\/editorialconcreta.org\/en\/wp-json\/wp\/v2\/ppma_author?post=7427"}],"curies":[{"name":"wp","href":"https:\/\/api.w.org\/{rel}","templated":true}]}}