{"id":7429,"date":"2024-04-25T12:18:23","date_gmt":"2024-04-25T10:18:23","guid":{"rendered":"https:\/\/editorialconcreta.org\/?page_id=7429"},"modified":"2024-05-29T21:41:39","modified_gmt":"2024-05-29T19:41:39","slug":"use-of-cookies","status":"publish","type":"page","link":"https:\/\/editorialconcreta.org\/en\/use-of-cookies\/","title":{"rendered":"Use of cookies"},"content":{"rendered":"\n<h1 class=\"wp-block-heading h1_section_sobre\">USE OF COOKIES<\/h1>\n\n\n\n<p>De acuerdo con lo dispuesto en el art\u00edculo 10 de la Ley 34\/2002 de 11 de julio de Servicios de la Sociedad de la Informaci\u00f3n y de Comercio Electr\u00f3nico (en adelante, LSSICE) ponemos en su conocimiento que la p\u00e1gina web con direcci\u00f3n URL: www.editorialconcreta.org (en adelante, Sitio Web) es operada por la Asociaci\u00f3n Cultural Curatela Estudio y edici\u00f3n imagen contempor\u00e1nea con domicilio social en Valencia (46015) C\/ Mossen Rausell, 25 bajo; provista de N.I.F. n\u00famero G16974040 (en adelante, Editorial Concreta).<\/p>\n\n\n\n<p>Editorial Concreta, a trav\u00e9s del presente documento, recoge su Pol\u00edtica de Recogida y Tratamiento de Cookies, en cumplimiento de lo dispuesto en el art\u00edculo 22.2 de la Ley 34\/2002, de 11 de julio, de LSSICE y su modificaci\u00f3n seg\u00fan la Directiva Europea 2009\/136\/CE.<\/p>\n\n\n\n<p>Editorial Concreta informa al usuario de su Sitio Web (en adelante, Usuario), de la existencia de cookies y pone a su disposici\u00f3n la presente Pol\u00edtica de Recogida y Tratamiento de Cookies con la finalidad de informarles acerca del uso y del objeto de las mismas. El hecho de continuar la navegaci\u00f3n a trav\u00e9s de esta p\u00e1gina, supone el conocimiento de la presente pol\u00edtica por parte de dicho Usuario.<\/p>\n\n\n\n<p>Una cookie es un peque\u00f1o fichero de texto que se almacena en su navegador (equipo terminal del Usuario, ordenador o dispositivo m\u00f3vil) cuando visita una p\u00e1gina web. Son herramientas que tienen un papel esencial para la prestaci\u00f3n de servicios digitales. Entre otros, permiten a una p\u00e1gina web almacenar y recuperar informaci\u00f3n sobre los h\u00e1bitos de navegaci\u00f3n de un Usuario o de su equipo y, dependiendo de la informaci\u00f3n obtenida, se pueden utilizar para reconocer al usuario y mejorar el servicio ofrecido.<\/p>\n\n\n\n<p>Las cookies que utiliza este Sitio Web utiliza nos permiten valorar estad\u00edsticamente la experiencia del Usuario que lo visita y mejorar nuestros contenidos, permitir el uso de comentarios, permitir compartir contenidos en redes sociales, permitir compras online, ofrecer contenido multimedia de terceros, implementar medidas de seguirdad y, en el caso de que el Ususario ya sea cliente de Editorial Concreta, la informaci\u00f3n recabada con las cookies servir\u00e1 tambi\u00e9n para su identificaci\u00f3n al acceder a las distintas herramientas que Editorial Concreta pone a su disposici\u00f3n para la gesti\u00f3n de servicios.<\/p>\n\n\n\n<p>La presente Pol\u00edtica de Uso y Tratamiento de Cookies ser\u00e1 de aplicaci\u00f3n a aquellos Usuarios que voluntariamente visitan el presente Sitio Web, cumplimentan formularios de recogida de datos, accedan a las herramientas que Editorial Concreta pone a disposici\u00f3n de sus clientes para gestionar sus servicios, o utilicen cualquier otro servicio presente que implique la comunicaci\u00f3n de datos a Editorial Concreta, o el acceso a datos por Editorial Concreta, para la prestaci\u00f3n de sus servicios.<\/p>\n\n\n\n<p class=\"cnvs-block-core-paragraph-1714038339617\"><strong>Editorial Concreta utiliza los siguientes tipos de cookies<\/strong><br><\/p>\n\n\n\n<p class=\"cnvs-block-core-paragraph-1714040217161\"><strong>Clasificadas por su titularidad<\/strong><br>Cookies propias: enviadas y gestionadas directamente por Editorial Concreta.<br>Cookies de terceros: enviadas y gestionadas por un tercero ajeno a Editorial Concreta, de forma an\u00f3nima, con la finalidad de realizar estudios estad\u00edsticos de navegaci\u00f3n.<\/p>\n\n\n\n<p><strong>Clasificadas por su finalidad<\/strong><br>Cookies t\u00e9cnicas y\/o de personalizaci\u00f3n: facilitan la navegaci\u00f3n, al identificar la sesi\u00f3n, permiten el acceso a herramientas de acceso restringido, adem\u00e1s de configurar a medida las opciones disponibles. Posibilitan la prestaci\u00f3n de un servicio solicitado previamente por el Usuario.<br>Cookies de an\u00e1lisis y\/o publicidad: permiten conocer el n\u00famero de visitas recibidas en las diferentes secciones del Sitio Web, los h\u00e1bitos y tendencias de sus Usuarios y, en consecuencia, permiten a Editorial Concreta realizar estudios estad\u00edsticos del servicio ofrecido.<\/p>\n\n\n\n<p><strong>Clasificadas por su duraci\u00f3n<\/strong><br>Cookies de sesi\u00f3n: recaban y almacenan los datos mientras el Usuario accede al Sitio Web.<br>Cookies persistentes: recaban y almacenan los datos en el terminal del Usuario durante un periodo de tiempo variable en funci\u00f3n de cu\u00e1l sea la finalidad de uso.<\/p>\n\n\n\n<p>El tiempo de conservaci\u00f3n de las cookies depender\u00e1 del tipo de que se trate y siempre ser\u00e1 el m\u00ednimo indispensable para cumplir su finalidad.<\/p>\n\n\n\n<p>Los Usuarios pueden configurar su navegador de manera que se deshabilite o bloquee la recepci\u00f3n de todas o algunas de las cookies. El hecho de no desear recibir estas cookies, no constituye un impedimento para poder acceder a la informaci\u00f3n del Sitio Web aunque el uso de algunos servicios podr\u00e1 ser limitado.<\/p>\n\n\n\n<p>La forma de configurar los diferentes navegadores para ejercitar las acciones se\u00f1aladas en los p\u00e1rrafos anteriores, se puede consultar en los siguientes enlaces que le facilitamos: <a href=\"https:\/\/support.mozilla.org\/es\/kb\/habilitar-y-deshabilitar-cookies-sitios-web-rastrear-preferencias\" target=\"_blank\" rel=\"noreferrer noopener\">Firefox<\/a> \u2013 <a href=\"https:\/\/support.google.com\/chrome\/answer\/95647?co=GENIE.Platform%3DDesktop&amp;hl=es\" target=\"_blank\" rel=\"noreferrer noopener\">Chrome<\/a> \u2013 <a href=\"https:\/\/support.microsoft.com\/es-es\/help\/278835\/how-to-delete-cookie-files-in-internet-explorer\" target=\"_blank\" rel=\"noreferrer noopener\">Explorer<\/a> \u2013 <a href=\"https:\/\/support.apple.com\/es-es\/guide\/safari\/sfri11471\/mac\" target=\"_blank\" rel=\"noreferrer noopener\">Safari<\/a> \u2013 <a href=\"https:\/\/help.opera.com\/en\/latest\/web-preferences\/#cookies\" target=\"_blank\" rel=\"noreferrer noopener\">Opera<\/a> \u2013 <a href=\"https:\/\/support.microsoft.com\/es-es\/help\/4468242\/microsoft-edge-browsing-data-and-privacy\" target=\"_blank\" rel=\"noreferrer noopener\">Edge<\/a>.<\/p>\n\n\n\n<p>Y, mediante el siguiente enlace, puede administrar el consentimineto para las cookies de este Sitio Web: [cookie_settings].<\/p>\n\n\n\n<p class=\"cnvs-block-core-paragraph-1714040656319\"><strong>Las cookies que utiliza este Sitio Web son las siguientes<\/strong><\/p>\n\n\n\n<p>Detalle de cookies necesarias<br>[cookie_audit category=&#8221;\u00bbnecessary\u00bb&#8221;]<br> <br>Detalle de cookies t\u00e9cnicas<br>[cookie_audit category=&#8221;\u00bbtechnical\u00bb&#8221;]<br> <br>Detalle de cookies de personalizaci\u00f3n<br>[cookie_audit category=&#8221;\u00bbothers\u00bb&#8221;]<br> <br>Detalle de cookies anal\u00edticas<br>[cookie_audit category=&#8221;\u00bbothers\u00bb&#8221;]<br><\/p>\n\n\n\n<p>Utilizamos Google Analytics, que es una herramienta de Google para la medici\u00f3n del tr\u00e1fico de las p\u00e1ginas web, el cual puede almacenar cookies en su ordenador para ayudarnos a recopilar informaci\u00f3n que ser\u00e1 utilizada \u00fanicamente con fines estad\u00edsticos y de estudio del comportamiento de los Usuarios en Sitio Web. La informaci\u00f3n que recopila sus cookies son transmitidas a los servidores de Google en Estados Unidos. Editorial Concreta no se responsabiliza del uso que Google pueda hacer de los datos citados. Puede visitar a continuaci\u00f3n la <a href=\"https:\/\/policies.google.com\/privacy?hl=es\" target=\"_blank\" rel=\"noreferrer noopener\">Pol\u00edtica de Privacidad de los servicios de Google<\/a>.<\/p>\n\n\n\n<p>Editorial Concreta se reserva expresamente el derecho a modificar unilateralmente, total o parcialmente y sin necesidad de previo aviso, la presente Pol\u00edtica de Recogida y Tratamiento de Cookies. El Usuario reconoce y acepta que es su responsabilidad revisarla.<\/p>\n\n\n\n<div style=\"height:100px\" aria-hidden=\"true\" class=\"wp-block-spacer esp_sobre\"><\/div>\n","protected":false},"excerpt":{"rendered":"USE OF COOKIES De acuerdo con lo dispuesto en el art\u00edculo 10 de la Ley 34\/2002 de 11&hellip;\n","protected":false},"author":1,"featured_media":0,"parent":0,"menu_order":0,"comment_status":"closed","ping_status":"closed","template":"","meta":{"csco_singular_sidebar":"disabled","csco_page_header_type":"none","csco_custom_appearance":"","csco_disable_excerpt_posts_layout":false,"csco_page_load_nextpost":"","csco_post_video_location":[],"csco_post_video_location_hash":"","csco_post_video_url":"","csco_post_video_bg_start_time":0,"csco_post_video_bg_end_time":0,"footnotes":""},"ppma_author":[54],"class_list":{"0":"post-7429","1":"page","2":"type-page","3":"status-publish","5":"cs-entry","6":"cs-video-wrap"},"_links":{"self":[{"href":"https:\/\/editorialconcreta.org\/en\/wp-json\/wp\/v2\/pages\/7429","targetHints":{"allow":["GET"]}}],"collection":[{"href":"https:\/\/editorialconcreta.org\/en\/wp-json\/wp\/v2\/pages"}],"about":[{"href":"https:\/\/editorialconcreta.org\/en\/wp-json\/wp\/v2\/types\/page"}],"author":[{"embeddable":true,"href":"https:\/\/editorialconcreta.org\/en\/wp-json\/wp\/v2\/users\/1"}],"replies":[{"embeddable":true,"href":"https:\/\/editorialconcreta.org\/en\/wp-json\/wp\/v2\/comments?post=7429"}],"version-history":[{"count":0,"href":"https:\/\/editorialconcreta.org\/en\/wp-json\/wp\/v2\/pages\/7429\/revisions"}],"wp:attachment":[{"href":"https:\/\/editorialconcreta.org\/en\/wp-json\/wp\/v2\/media?parent=7429"}],"wp:term":[{"taxonomy":"author","embeddable":true,"href":"https:\/\/editorialconcreta.org\/en\/wp-json\/wp\/v2\/ppma_author?post=7429"}],"curies":[{"name":"wp","href":"https:\/\/api.w.org\/{rel}","templated":true}]}}