{"id":11774,"date":"2014-06-24T18:34:22","date_gmt":"2014-06-24T16:34:22","guid":{"rendered":"https:\/\/editorialconcreta.org\/?post_type=product&#038;p=11774"},"modified":"2024-08-28T17:30:20","modified_gmt":"2024-08-28T15:30:20","slug":"libro-que-espera-su-edicion-copia-copia-5","status":"publish","type":"product","link":"https:\/\/editorialconcreta.org\/en\/shop\/artists-books\/esperpento-sp\/","title":{"rendered":"Esperpento (SP)"},"content":{"rendered":"<p>The artist&#8217;s book <i>Esperpento<\/i> (November, 2014) was created by combining images of Spanish geography obtained from Google Earth and small fragments of dialogue from &#8220;Luces de Bohemia&#8221; by Ram\u00f3n Mar\u00eda del Valle Incl\u00e1n.<\/p>\n<p>Valle Incl\u00e1n&#8217;s work, published in 1920, is among other things a mirror of the Spain of the time. The work leaves no one with a single head, all social strata are victims and collaborators of a degraded society. I\u00f1igo Royo&#8217;s work reminds us how the reality described by Valle remains, corrected and augmented, in today&#8217;s society.<\/p>\n","protected":false},"excerpt":{"rendered":"\nEl libro de artista Esperpento (noviembre, 2014) fue creado combinando im\u00e1genes de la geograf\u00eda espa\u00f1ola obtenidas de Google Earth y peque\u00f1os fragmentos de di\u00e1logo de &#8220;Luces de Bohemia&#8221; de Ram\u00f3n Mar\u00eda del Valle Incl\u00e1n.\n","protected":false},"featured_media":12349,"template":"","meta":[],"product_brand":[],"product_cat":[238],"product_tag":[242,241],"class_list":{"0":"post-11774","1":"product","2":"type-product","3":"status-publish","4":"has-post-thumbnail","6":"product_cat-artists-books","7":"product_tag-english","8":"product_tag-spanish","9":"cs-entry","10":"cs-video-wrap","12":"first","13":"instock","14":"taxable","15":"shipping-taxable","16":"purchasable","17":"product-type-simple"},"_links":{"self":[{"href":"https:\/\/editorialconcreta.org\/en\/wp-json\/wp\/v2\/product\/11774","targetHints":{"allow":["GET"]}}],"collection":[{"href":"https:\/\/editorialconcreta.org\/en\/wp-json\/wp\/v2\/product"}],"about":[{"href":"https:\/\/editorialconcreta.org\/en\/wp-json\/wp\/v2\/types\/product"}],"wp:featuredmedia":[{"embeddable":true,"href":"https:\/\/editorialconcreta.org\/en\/wp-json\/wp\/v2\/media\/12349"}],"wp:attachment":[{"href":"https:\/\/editorialconcreta.org\/en\/wp-json\/wp\/v2\/media?parent=11774"}],"wp:term":[{"taxonomy":"product_brand","embeddable":true,"href":"https:\/\/editorialconcreta.org\/en\/wp-json\/wp\/v2\/product_brand?post=11774"},{"taxonomy":"product_cat","embeddable":true,"href":"https:\/\/editorialconcreta.org\/en\/wp-json\/wp\/v2\/product_cat?post=11774"},{"taxonomy":"product_tag","embeddable":true,"href":"https:\/\/editorialconcreta.org\/en\/wp-json\/wp\/v2\/product_tag?post=11774"}],"curies":[{"name":"wp","href":"https:\/\/api.w.org\/{rel}","templated":true}]}}