{"id":11804,"date":"2021-06-24T19:27:24","date_gmt":"2021-06-24T17:27:24","guid":{"rendered":"https:\/\/editorialconcreta.org\/?post_type=product&#038;p=11804"},"modified":"2024-08-28T17:29:32","modified_gmt":"2024-08-28T15:29:32","slug":"i-romance-ii-martinete-iii-debla-and-iv-pregon","status":"publish","type":"product","link":"https:\/\/editorialconcreta.org\/en\/shop\/artists-books\/i-romance-ii-martinete-iii-debla-and-iv-pregon-sp\/","title":{"rendered":"I romance, II martinete, III debla and IV preg\u00f3n (SP)"},"content":{"rendered":"<p>In these four volumes, artist Isa\u00edas Gri\u00f1olo presents projects in which he relates memory, poetry, economy, ecology and other themes through the compilation and conglomeration of heterogeneous materials and sources. His work combines in a singular manner the political, the visceral and activism. A mixture that mirrors what happens in the meetings and mobilisations. In <em>Romance de las plazas<\/em> (2013, 2016), published on the occasion of the exhibition <em>Contra T\u00e0pies<\/em> in 2013, the artist travels through different emotional and ideological spaces, collecting the words and images of their inhabitants before they are absorbed by forgetfulness, presented as a compilation of texts, images, poems and conversations. In 2014, <em>Martinete de las calles<\/em> was published, a compilation of materials on the contemporary Spanishness of express eviction. This is a grotesque and distorted view of a country that expressly enshrines the right to housing in its constitution while using riot police to evict families. Political violence and the power of the word continue as protagonists in the experimental research <em>debla de la noche<\/em> (2016) published with the support of BCN Producci\u00f3 \u201815, La Capella, Institut de Cultura de Barcelona, on the occasion of the exhibition <em>Visceral Blue<\/em> in 2016. This work brings together situations around the Corrala de Vecinas La Utop\u00eda in Seville, a group of 32 families who have been fighting for two years against evictions and for the right to housing. Finally, in 2021, he presents <em>Preg\u00f3n de las patrias<\/em>: a <em>collage<\/em> exercise that reflects on enactment, the construction of discourse and liturgy, and its performative, poetic and semantic manifestations. It is a project published by ICAS as part of the exhibition <em>Memoria del presente<\/em>, curated by Joaqu\u00edn V\u00e1zquez &#8211; BNV Producciones, which took place at the Sala At\u00edn Aya in Seville in 2020.<\/p>\n","protected":false},"excerpt":{"rendered":" The artist Isa\u00edas Gri\u00f1olo presents, in these four volumes, projects in which he relates memory, poetry, economy, ecology and other themes from&#8230;\n","protected":false},"featured_media":14293,"template":"","meta":[],"product_brand":[],"product_cat":[238],"product_tag":[241],"class_list":{"0":"post-11804","1":"product","2":"type-product","3":"status-publish","4":"has-post-thumbnail","6":"product_cat-artists-books","7":"product_tag-spanish","8":"cs-entry","9":"cs-video-wrap","11":"first","12":"outofstock","13":"taxable","14":"shipping-taxable","15":"purchasable","16":"product-type-simple"},"_links":{"self":[{"href":"https:\/\/editorialconcreta.org\/en\/wp-json\/wp\/v2\/product\/11804","targetHints":{"allow":["GET"]}}],"collection":[{"href":"https:\/\/editorialconcreta.org\/en\/wp-json\/wp\/v2\/product"}],"about":[{"href":"https:\/\/editorialconcreta.org\/en\/wp-json\/wp\/v2\/types\/product"}],"wp:featuredmedia":[{"embeddable":true,"href":"https:\/\/editorialconcreta.org\/en\/wp-json\/wp\/v2\/media\/14293"}],"wp:attachment":[{"href":"https:\/\/editorialconcreta.org\/en\/wp-json\/wp\/v2\/media?parent=11804"}],"wp:term":[{"taxonomy":"product_brand","embeddable":true,"href":"https:\/\/editorialconcreta.org\/en\/wp-json\/wp\/v2\/product_brand?post=11804"},{"taxonomy":"product_cat","embeddable":true,"href":"https:\/\/editorialconcreta.org\/en\/wp-json\/wp\/v2\/product_cat?post=11804"},{"taxonomy":"product_tag","embeddable":true,"href":"https:\/\/editorialconcreta.org\/en\/wp-json\/wp\/v2\/product_tag?post=11804"}],"curies":[{"name":"wp","href":"https:\/\/api.w.org\/{rel}","templated":true}]}}