{"id":16491,"date":"2025-04-20T18:45:34","date_gmt":"2025-04-20T16:45:34","guid":{"rendered":"https:\/\/editorialconcreta.org\/?post_type=product&#038;p=16491"},"modified":"2025-05-05T17:25:20","modified_gmt":"2025-05-05T15:25:20","slug":"a-history-of-african-photography-south-of-the-sahara-dynamics-trends-aesthetics-copy","status":"publish","type":"product","link":"https:\/\/editorialconcreta.org\/en\/shop\/concreta-texts\/imagen-y-antropologia-series\/the-papers-of-the-exhibition-1977-2017\/","title":{"rendered":"The Papers of the Exhibition (1977-2017)"},"content":{"rendered":"<p class=\"p2\">An exhibition is a collection of objects brought together in a specific physical space. Visitors encounter forms and artifacts that share the same spatial and temporal framework. This allows the viewer to walk through the space and trace their own paths, engaging in a direct, though mediated, encounter between their body and the objects. An exhibition is also a device that allows for developments and overflows beyond the given framework. Alongside the exhibition is the essay. A polysemic term, it refers on one hand to a text\u2014a literary work of reflective or discursive nature\u2014and on the other, to a test or experimental process. The title <i>The Papers of the Exhibition (1977\u20132017) <\/i>thus refers to two meanings of the same object: the exhibition as a site for the production of thought and as a testing ground. The curatorial symposium of the same name took place through five sessions held between 2016 and 2023 at Azkuna Zentroa \u2013 Alh\u00f3ndiga Bilbao. Its aim was to study exhibitions spanning a forty-year period, and it brought together over thirty readings of as many exhibitions from recent history, offering various perspectives on the exhibition: as a cultural object that reflects and responds to the historical conditions in which it is produced; as an institutional form that legitimizes the representations it hosts; and as an ephemeral device capable of generating interruptions and fostering moments of attention\u2026<\/p>\n<p class=\"p3\"><span class=\"s2\">CONTRIBUTIONS: <\/span>Carla Zaccagnini, Luca Frei, Aurora Fern\u00e1ndez Polanco, Franco \u00abBifo\u00bb Berardi, Bojana Kunst, Adrian Heathfield, Dora Garc\u00eda, Tamara D\u00edaz Bringas, Joaqu\u00edn V\u00e1zquez, Rachel Weiss, Aimar Arriola, Ines Schaber, Corinne Desirens, Catherine David, Yaiza Hern\u00e1ndez Vel\u00e1zquez, Maria Lind, Ana Devi\u0107, Ruth Noack, Azucena Vieites, Lisette Lagnado, McKenzie Wark, Azar Mahmoudian en conversaci\u00f3n con Rike Frank y Beatrice von Bismark, Arantza Santesteban, Anja Isabel Schneider, Anik Fournier, Silvia Maglioni &amp; Graeme Thomson.<\/p>\n","protected":false},"excerpt":{"rendered":"\nAn exhibition is a collection of objects brought together in a specific physical space. Visitors encounter forms and artifacts that share the same spatial and temporal framework. This allows the viewer to walk through the space and trace&#8230;\n","protected":false},"featured_media":16540,"template":"","meta":[],"product_brand":[],"product_cat":[669,235],"product_tag":[241],"class_list":{"0":"post-16491","1":"product","2":"type-product","3":"status-publish","4":"has-post-thumbnail","6":"product_cat-curating-and-feminisms-series","7":"product_cat-concreta-texts","8":"product_tag-spanish","9":"cs-entry","10":"cs-video-wrap","12":"first","13":"outofstock","14":"taxable","15":"shipping-taxable","16":"purchasable","17":"product-type-simple"},"_links":{"self":[{"href":"https:\/\/editorialconcreta.org\/en\/wp-json\/wp\/v2\/product\/16491","targetHints":{"allow":["GET"]}}],"collection":[{"href":"https:\/\/editorialconcreta.org\/en\/wp-json\/wp\/v2\/product"}],"about":[{"href":"https:\/\/editorialconcreta.org\/en\/wp-json\/wp\/v2\/types\/product"}],"wp:featuredmedia":[{"embeddable":true,"href":"https:\/\/editorialconcreta.org\/en\/wp-json\/wp\/v2\/media\/16540"}],"wp:attachment":[{"href":"https:\/\/editorialconcreta.org\/en\/wp-json\/wp\/v2\/media?parent=16491"}],"wp:term":[{"taxonomy":"product_brand","embeddable":true,"href":"https:\/\/editorialconcreta.org\/en\/wp-json\/wp\/v2\/product_brand?post=16491"},{"taxonomy":"product_cat","embeddable":true,"href":"https:\/\/editorialconcreta.org\/en\/wp-json\/wp\/v2\/product_cat?post=16491"},{"taxonomy":"product_tag","embeddable":true,"href":"https:\/\/editorialconcreta.org\/en\/wp-json\/wp\/v2\/product_tag?post=16491"}],"curies":[{"name":"wp","href":"https:\/\/api.w.org\/{rel}","templated":true}]}}