{"id":16687,"date":"2025-05-29T18:37:06","date_gmt":"2025-05-29T16:37:06","guid":{"rendered":"https:\/\/editorialconcreta.org\/?post_type=product&#038;p=16687"},"modified":"2025-06-02T17:18:05","modified_gmt":"2025-06-02T15:18:05","slug":"concreta-23-copy-copy","status":"publish","type":"product","link":"https:\/\/editorialconcreta.org\/en\/shop\/concreta-journal\/concreta-25\/","title":{"rendered":"Concreta 25"},"content":{"rendered":"<div class=\"cs-entry__header-info\">\n<div class=\"cs-entry__subtitle\"><em>Concreta 25<\/em> proposes itself as a space for reflection on images in their capacity to form relationships that can alter our regimes of visibility. We are interested in exploring our imaginative forces, our poetic and political potential for resistance to create other conditions of possibility within a reality that increasingly feels suffocating. Marie-Jos\u00e9 Mondzain argues that images, even while being \u201cno big deal,\u201d can introduce a seismic event. Of course, they can distract, align, and inform, but they can also produce a differential perception; organize and open a field for contesting the sensible, developing another phantasmagoria, and creating fictions and forms of desire that generate new ways of community aggregation.<\/div>\n<div><\/div>\n<div class=\"cs-entry__subtitle\">Concreta 25 is edited by Andrea Soto Calder\u00f3n and features contributions by Marie-Jos\u00e9 Mondzain, Emmanuel Alloa, Catherine Malabou, Jacques Ranci\u00e8re, Alex Reynolds, L\u00facia Prancha, Duen Neka&#8217;hen Sacchi, Laura Citarella, Hito Steyerl, Marie Bardet, Ana Garc\u00eda Varas, Luc\u00eda C. Pino, Luc\u00eda Ega\u00f1a Rojas, Ros\u00e2ngela Renn\u00f3 and Jefferson Garc\u00eda.<\/div>\n<\/div>\n","protected":false},"excerpt":{"rendered":"\nConcreta 25, The Force of Images (Spring 2025).\n","protected":false},"featured_media":16715,"template":"","meta":[],"product_brand":[],"product_cat":[239],"product_tag":[241],"class_list":{"0":"post-16687","1":"product","2":"type-product","3":"status-publish","4":"has-post-thumbnail","6":"product_cat-concreta-journal","7":"product_tag-spanish","8":"cs-entry","9":"cs-video-wrap","11":"first","12":"instock","13":"taxable","14":"shipping-taxable","15":"purchasable","16":"product-type-simple"},"_links":{"self":[{"href":"https:\/\/editorialconcreta.org\/en\/wp-json\/wp\/v2\/product\/16687","targetHints":{"allow":["GET"]}}],"collection":[{"href":"https:\/\/editorialconcreta.org\/en\/wp-json\/wp\/v2\/product"}],"about":[{"href":"https:\/\/editorialconcreta.org\/en\/wp-json\/wp\/v2\/types\/product"}],"wp:featuredmedia":[{"embeddable":true,"href":"https:\/\/editorialconcreta.org\/en\/wp-json\/wp\/v2\/media\/16715"}],"wp:attachment":[{"href":"https:\/\/editorialconcreta.org\/en\/wp-json\/wp\/v2\/media?parent=16687"}],"wp:term":[{"taxonomy":"product_brand","embeddable":true,"href":"https:\/\/editorialconcreta.org\/en\/wp-json\/wp\/v2\/product_brand?post=16687"},{"taxonomy":"product_cat","embeddable":true,"href":"https:\/\/editorialconcreta.org\/en\/wp-json\/wp\/v2\/product_cat?post=16687"},{"taxonomy":"product_tag","embeddable":true,"href":"https:\/\/editorialconcreta.org\/en\/wp-json\/wp\/v2\/product_tag?post=16687"}],"curies":[{"name":"wp","href":"https:\/\/api.w.org\/{rel}","templated":true}]}}