{"id":7180,"date":"2012-10-16T18:44:00","date_gmt":"2012-10-16T16:44:00","guid":{"rendered":"https:\/\/editorialconcreta.org\/?post_type=product&#038;p=7180"},"modified":"2024-04-23T15:48:46","modified_gmt":"2024-04-23T13:48:46","slug":"concreta-00","status":"publish","type":"product","link":"https:\/\/editorialconcreta.org\/en\/shop\/concreta-journal\/concreta-00\/","title":{"rendered":"Concreta 00"},"content":{"rendered":"<p>Rethinks the image through a reflection on alternative ways, manifestations or forms of display or assembly related with concepts of edition, seriation and copy. This issue of the magazine features essays and articles by Jos\u00e9 Emilio Buruc\u00faa, Laura Malosetti, Enric Mira, Matthew Fuller, Dami\u00e1n Ortega, Pablo Lafuente, Mar\u00eda Berr\u00edos, Max Schumann, \u00d3scar Faria, \u00c1lvaro de los \u00c1ngeles, Milene Trindade and Oriol Fontdevila; as well as projects by Ahmad Hosni, Yuri Shibuya, Xisco Mensua and Superflex.<\/p>\n","protected":false},"excerpt":{"rendered":"\nConcreta 00, Editing, serialisation and copying (Autumn 2012)\n","protected":false},"featured_media":6617,"template":"","meta":[],"product_brand":[],"product_cat":[239],"product_tag":[241],"class_list":{"0":"post-7180","1":"product","2":"type-product","3":"status-publish","4":"has-post-thumbnail","6":"product_cat-concreta-journal","7":"product_tag-spanish","8":"cs-entry","9":"cs-video-wrap","11":"first","12":"instock","13":"taxable","14":"shipping-taxable","15":"purchasable","16":"product-type-simple"},"_links":{"self":[{"href":"https:\/\/editorialconcreta.org\/en\/wp-json\/wp\/v2\/product\/7180","targetHints":{"allow":["GET"]}}],"collection":[{"href":"https:\/\/editorialconcreta.org\/en\/wp-json\/wp\/v2\/product"}],"about":[{"href":"https:\/\/editorialconcreta.org\/en\/wp-json\/wp\/v2\/types\/product"}],"wp:featuredmedia":[{"embeddable":true,"href":"https:\/\/editorialconcreta.org\/en\/wp-json\/wp\/v2\/media\/6617"}],"wp:attachment":[{"href":"https:\/\/editorialconcreta.org\/en\/wp-json\/wp\/v2\/media?parent=7180"}],"wp:term":[{"taxonomy":"product_brand","embeddable":true,"href":"https:\/\/editorialconcreta.org\/en\/wp-json\/wp\/v2\/product_brand?post=7180"},{"taxonomy":"product_cat","embeddable":true,"href":"https:\/\/editorialconcreta.org\/en\/wp-json\/wp\/v2\/product_cat?post=7180"},{"taxonomy":"product_tag","embeddable":true,"href":"https:\/\/editorialconcreta.org\/en\/wp-json\/wp\/v2\/product_tag?post=7180"}],"curies":[{"name":"wp","href":"https:\/\/api.w.org\/{rel}","templated":true}]}}