{"id":7194,"date":"2013-04-16T18:41:32","date_gmt":"2013-04-16T16:41:32","guid":{"rendered":"https:\/\/editorialconcreta.org\/?post_type=product&#038;p=7194"},"modified":"2024-04-23T15:49:13","modified_gmt":"2024-04-23T13:49:13","slug":"concreta-01","status":"publish","type":"product","link":"https:\/\/editorialconcreta.org\/en\/shop\/concreta-journal\/concreta-01\/","title":{"rendered":"Concreta 01"},"content":{"rendered":"<p>Contains a number of essays, conversations and projects addressing the idea of displacement understood not only as a transfer, movement or oscillation, but as an aesthetic and political positioning within contemporary art practice that explores territory as a shared place for commonality, a space for dialogue and as a position of confrontation. This issue of the magazine features essays and articles by Jean-Fran\u00e7ois Chevrier, Lluis Benlloch i Calvo, Esteban Pujals, Enrique Vila-Matas, Graciela Carnevale, Nacho Par\u00eds, \u00c2ngela Ferreira, J\u00fcrgen Bock, Marie Jos\u00e9 Mondzain, Peio Aguirre, Laura Vall\u00e9s, Maia Creus and Alberto L\u00f3pez Cuenca; as well as projects by Xavier Ribas, Anna Boghiguian and Carla Filipe.<\/p>\n","protected":false},"excerpt":{"rendered":"\nConcreta 01, Displacements and evictions (Spring 2013).\n","protected":false},"featured_media":6607,"template":"","meta":[],"product_brand":[],"product_cat":[239],"product_tag":[241],"class_list":{"0":"post-7194","1":"product","2":"type-product","3":"status-publish","4":"has-post-thumbnail","6":"product_cat-concreta-journal","7":"product_tag-spanish","8":"cs-entry","9":"cs-video-wrap","11":"first","12":"instock","13":"taxable","14":"shipping-taxable","15":"purchasable","16":"product-type-simple"},"_links":{"self":[{"href":"https:\/\/editorialconcreta.org\/en\/wp-json\/wp\/v2\/product\/7194","targetHints":{"allow":["GET"]}}],"collection":[{"href":"https:\/\/editorialconcreta.org\/en\/wp-json\/wp\/v2\/product"}],"about":[{"href":"https:\/\/editorialconcreta.org\/en\/wp-json\/wp\/v2\/types\/product"}],"wp:featuredmedia":[{"embeddable":true,"href":"https:\/\/editorialconcreta.org\/en\/wp-json\/wp\/v2\/media\/6607"}],"wp:attachment":[{"href":"https:\/\/editorialconcreta.org\/en\/wp-json\/wp\/v2\/media?parent=7194"}],"wp:term":[{"taxonomy":"product_brand","embeddable":true,"href":"https:\/\/editorialconcreta.org\/en\/wp-json\/wp\/v2\/product_brand?post=7194"},{"taxonomy":"product_cat","embeddable":true,"href":"https:\/\/editorialconcreta.org\/en\/wp-json\/wp\/v2\/product_cat?post=7194"},{"taxonomy":"product_tag","embeddable":true,"href":"https:\/\/editorialconcreta.org\/en\/wp-json\/wp\/v2\/product_tag?post=7194"}],"curies":[{"name":"wp","href":"https:\/\/api.w.org\/{rel}","templated":true}]}}