{"id":7203,"date":"2014-10-16T18:35:46","date_gmt":"2014-10-16T16:35:46","guid":{"rendered":"https:\/\/editorialconcreta.org\/?post_type=product&#038;p=7203"},"modified":"2024-04-23T15:49:52","modified_gmt":"2024-04-23T13:49:52","slug":"concreta-04","status":"publish","type":"product","link":"https:\/\/editorialconcreta.org\/en\/shop\/concreta-journal\/concreta-04\/","title":{"rendered":"Concreta 04"},"content":{"rendered":"<p>Arises from a series of issues that have to do with the opening of places for the possibility and detours in the political space: unique actions and proposals for common actuation against the reactionary forces, those which are trying to impose values, create senses and impose directions. This issue features essays and articles by Marina Garc\u00e9s, Miren Jaio, Cl\u00e9mentine Deliss, Ni\u00f1o de Elche, Jeff Wall, David Campany, Cabello\/Carceller, Mar\u00eda Virginia Jaua, Peter P\u00e1l Pelbart, Mauro Restiffe, Bleda y Rosa, Carles Guerra, Pascale F\u00e9ghali, Sonia Fern\u00e1ndez Pan and the collective Mujeres Creando.<\/p>\n","protected":false},"excerpt":{"rendered":"\nConcreta 04, Deviations in political space (Fall 2014).\n","protected":false},"featured_media":6564,"template":"","meta":[],"product_brand":[],"product_cat":[239],"product_tag":[241],"class_list":{"0":"post-7203","1":"product","2":"type-product","3":"status-publish","4":"has-post-thumbnail","6":"product_cat-concreta-journal","7":"product_tag-spanish","8":"cs-entry","9":"cs-video-wrap","11":"first","12":"instock","13":"taxable","14":"shipping-taxable","15":"purchasable","16":"product-type-simple"},"_links":{"self":[{"href":"https:\/\/editorialconcreta.org\/en\/wp-json\/wp\/v2\/product\/7203","targetHints":{"allow":["GET"]}}],"collection":[{"href":"https:\/\/editorialconcreta.org\/en\/wp-json\/wp\/v2\/product"}],"about":[{"href":"https:\/\/editorialconcreta.org\/en\/wp-json\/wp\/v2\/types\/product"}],"wp:featuredmedia":[{"embeddable":true,"href":"https:\/\/editorialconcreta.org\/en\/wp-json\/wp\/v2\/media\/6564"}],"wp:attachment":[{"href":"https:\/\/editorialconcreta.org\/en\/wp-json\/wp\/v2\/media?parent=7203"}],"wp:term":[{"taxonomy":"product_brand","embeddable":true,"href":"https:\/\/editorialconcreta.org\/en\/wp-json\/wp\/v2\/product_brand?post=7203"},{"taxonomy":"product_cat","embeddable":true,"href":"https:\/\/editorialconcreta.org\/en\/wp-json\/wp\/v2\/product_cat?post=7203"},{"taxonomy":"product_tag","embeddable":true,"href":"https:\/\/editorialconcreta.org\/en\/wp-json\/wp\/v2\/product_tag?post=7203"}],"curies":[{"name":"wp","href":"https:\/\/api.w.org\/{rel}","templated":true}]}}