{"id":7207,"date":"2015-04-16T18:32:37","date_gmt":"2015-04-16T16:32:37","guid":{"rendered":"https:\/\/editorialconcreta.org\/?post_type=product&#038;p=7207"},"modified":"2024-04-23T16:15:34","modified_gmt":"2024-04-23T14:15:34","slug":"concreta-05","status":"publish","type":"product","link":"https:\/\/editorialconcreta.org\/en\/shop\/concreta-journal\/concreta-05\/","title":{"rendered":"Concreta 05"},"content":{"rendered":"<p>Gathers a constellation of essays, conversations and projects reflecting on the idea of the appearance and the disappearance of the image. That is to say, questions related to the notions of iconoclasm, profanation and vandalism. This issue features essays and articles by Pedro G. Romero, Pablo Lafuente, Jacques Ranci\u00e8re, Geoff Cox, Harold Berg, Ellef Prests\u00e6ter, Michael Murtaugh, Nicolas Malev\u00e9, Matthew Fuller, Dario Gamboni, Jos\u00e9 D\u00edaz Cuy\u00e1s, George Didi-Huberman, Andrea Canepa, Lourdes Castro, Alexander Garc\u00eda D\u00fcttmann, Asier Mendizabal, Alberto L\u00f3pez Cuenca, Mar\u00eda Torres Mart\u00ednez and Xavier Aren\u00f3s.<\/p>\n","protected":false},"excerpt":{"rendered":"\nConcreta 05, Iconoclasm, profanation, vandalism (Spring 2015).\n","protected":false},"featured_media":6554,"template":"","meta":[],"product_brand":[],"product_cat":[239],"product_tag":[241],"class_list":{"0":"post-7207","1":"product","2":"type-product","3":"status-publish","4":"has-post-thumbnail","6":"product_cat-concreta-journal","7":"product_tag-spanish","8":"cs-entry","9":"cs-video-wrap","11":"first","12":"instock","13":"taxable","14":"shipping-taxable","15":"purchasable","16":"product-type-simple"},"_links":{"self":[{"href":"https:\/\/editorialconcreta.org\/en\/wp-json\/wp\/v2\/product\/7207","targetHints":{"allow":["GET"]}}],"collection":[{"href":"https:\/\/editorialconcreta.org\/en\/wp-json\/wp\/v2\/product"}],"about":[{"href":"https:\/\/editorialconcreta.org\/en\/wp-json\/wp\/v2\/types\/product"}],"wp:featuredmedia":[{"embeddable":true,"href":"https:\/\/editorialconcreta.org\/en\/wp-json\/wp\/v2\/media\/6554"}],"wp:attachment":[{"href":"https:\/\/editorialconcreta.org\/en\/wp-json\/wp\/v2\/media?parent=7207"}],"wp:term":[{"taxonomy":"product_brand","embeddable":true,"href":"https:\/\/editorialconcreta.org\/en\/wp-json\/wp\/v2\/product_brand?post=7207"},{"taxonomy":"product_cat","embeddable":true,"href":"https:\/\/editorialconcreta.org\/en\/wp-json\/wp\/v2\/product_cat?post=7207"},{"taxonomy":"product_tag","embeddable":true,"href":"https:\/\/editorialconcreta.org\/en\/wp-json\/wp\/v2\/product_tag?post=7207"}],"curies":[{"name":"wp","href":"https:\/\/api.w.org\/{rel}","templated":true}]}}