{"id":7208,"date":"2016-04-16T18:28:58","date_gmt":"2016-04-16T16:28:58","guid":{"rendered":"https:\/\/editorialconcreta.org\/?post_type=product&#038;p=7208"},"modified":"2024-04-23T16:09:12","modified_gmt":"2024-04-23T14:09:12","slug":"concreta-07","status":"publish","type":"product","link":"https:\/\/editorialconcreta.org\/en\/shop\/concreta-journal\/concreta-07\/","title":{"rendered":"Concreta 07"},"content":{"rendered":"<p>Proposes new approaches to the notion of ornament understood as a force capable of subverting visual, social and political hierarchies and of proposing a series of collective relations from the everyday life. This issue features essays and articles by Marisa Garc\u00eda Vergara, Teresa Lanceta, L\u00eda Nin, Paulap\u00e9, Thomas Golsenne, Alfred Gell, Gabriela Kraviez, Jordi Bernad\u00f3, Oier Etxeberria, Sandra Santana, Jos\u00e9 Luis Castillejo, Jos\u00e9 D\u00edaz Cuy\u00e1s, Juan Jos\u00e9 Lahuerta and Prabhakar Pachpute.<\/p>\n","protected":false},"excerpt":{"rendered":"\nConcreta 07, The traps of ornamentation (Spring 2016).\n","protected":false},"featured_media":6534,"template":"","meta":[],"product_brand":[],"product_cat":[239],"product_tag":[241],"class_list":{"0":"post-7208","1":"product","2":"type-product","3":"status-publish","4":"has-post-thumbnail","6":"product_cat-concreta-journal","7":"product_tag-spanish","8":"cs-entry","9":"cs-video-wrap","11":"first","12":"instock","13":"taxable","14":"shipping-taxable","15":"purchasable","16":"product-type-simple"},"_links":{"self":[{"href":"https:\/\/editorialconcreta.org\/en\/wp-json\/wp\/v2\/product\/7208","targetHints":{"allow":["GET"]}}],"collection":[{"href":"https:\/\/editorialconcreta.org\/en\/wp-json\/wp\/v2\/product"}],"about":[{"href":"https:\/\/editorialconcreta.org\/en\/wp-json\/wp\/v2\/types\/product"}],"wp:featuredmedia":[{"embeddable":true,"href":"https:\/\/editorialconcreta.org\/en\/wp-json\/wp\/v2\/media\/6534"}],"wp:attachment":[{"href":"https:\/\/editorialconcreta.org\/en\/wp-json\/wp\/v2\/media?parent=7208"}],"wp:term":[{"taxonomy":"product_brand","embeddable":true,"href":"https:\/\/editorialconcreta.org\/en\/wp-json\/wp\/v2\/product_brand?post=7208"},{"taxonomy":"product_cat","embeddable":true,"href":"https:\/\/editorialconcreta.org\/en\/wp-json\/wp\/v2\/product_cat?post=7208"},{"taxonomy":"product_tag","embeddable":true,"href":"https:\/\/editorialconcreta.org\/en\/wp-json\/wp\/v2\/product_tag?post=7208"}],"curies":[{"name":"wp","href":"https:\/\/api.w.org\/{rel}","templated":true}]}}