{"id":7210,"date":"2017-04-16T18:23:29","date_gmt":"2017-04-16T16:23:29","guid":{"rendered":"https:\/\/editorialconcreta.org\/?post_type=product&#038;p=7210"},"modified":"2024-04-23T16:10:58","modified_gmt":"2024-04-23T14:10:58","slug":"concreta-09","status":"publish","type":"product","link":"https:\/\/editorialconcreta.org\/en\/shop\/concreta-journal\/concreta-09\/","title":{"rendered":"Concreta 09"},"content":{"rendered":"<p>Brings together a series of conversations, materials and texts about the idea of care as an interdependent condition for human, non-human and more-than-human life, in other words, as a possibility to make visible and tangible the ties and histories that connect us between us as humans, but also between objects and spaces. Borrowed relations of a political, socioeconomic and cultural context that permit imagine a fabric full of ties as complex as diverse. It counts with the contribution of Donna Haraway, Fabrizio Terranova, Soledad Guti\u00e9rrez, Ram\u00f3n Lapiedra, Mar\u00eda Puig de la Bellacasa, Maria Thereza Alves, Hamish Fulton, La Taula per la Partida, Eduardo Molinari, Laura Vall\u00e9s, Agar Ledo and Alice Mortiaux.<\/p>\n","protected":false},"excerpt":{"rendered":"\nConcreta 09, The perfect storm (Spring 2017).\n","protected":false},"featured_media":6512,"template":"","meta":[],"product_brand":[],"product_cat":[239],"product_tag":[241],"class_list":{"0":"post-7210","1":"product","2":"type-product","3":"status-publish","4":"has-post-thumbnail","6":"product_cat-concreta-journal","7":"product_tag-spanish","8":"cs-entry","9":"cs-video-wrap","11":"first","12":"instock","13":"taxable","14":"shipping-taxable","15":"purchasable","16":"product-type-simple"},"_links":{"self":[{"href":"https:\/\/editorialconcreta.org\/en\/wp-json\/wp\/v2\/product\/7210","targetHints":{"allow":["GET"]}}],"collection":[{"href":"https:\/\/editorialconcreta.org\/en\/wp-json\/wp\/v2\/product"}],"about":[{"href":"https:\/\/editorialconcreta.org\/en\/wp-json\/wp\/v2\/types\/product"}],"wp:featuredmedia":[{"embeddable":true,"href":"https:\/\/editorialconcreta.org\/en\/wp-json\/wp\/v2\/media\/6512"}],"wp:attachment":[{"href":"https:\/\/editorialconcreta.org\/en\/wp-json\/wp\/v2\/media?parent=7210"}],"wp:term":[{"taxonomy":"product_brand","embeddable":true,"href":"https:\/\/editorialconcreta.org\/en\/wp-json\/wp\/v2\/product_brand?post=7210"},{"taxonomy":"product_cat","embeddable":true,"href":"https:\/\/editorialconcreta.org\/en\/wp-json\/wp\/v2\/product_cat?post=7210"},{"taxonomy":"product_tag","embeddable":true,"href":"https:\/\/editorialconcreta.org\/en\/wp-json\/wp\/v2\/product_tag?post=7210"}],"curies":[{"name":"wp","href":"https:\/\/api.w.org\/{rel}","templated":true}]}}