{"id":7211,"date":"2017-10-16T17:42:59","date_gmt":"2017-10-16T15:42:59","guid":{"rendered":"https:\/\/editorialconcreta.org\/?post_type=product&#038;p=7211"},"modified":"2024-04-23T16:11:59","modified_gmt":"2024-04-23T14:11:59","slug":"concreta-10","status":"publish","type":"product","link":"https:\/\/editorialconcreta.org\/en\/shop\/concreta-journal\/concreta-10\/","title":{"rendered":"Concreta 10"},"content":{"rendered":"<p>Prompts a reflection around the relationship between art and tourism in late modernity: a period when gradual museumization and touristification of the world were part of the same process. Once the artwork is no longer an object of contemplation but an experience, the hierarchical order between authentic\/inauthentic experiences falls apart. To address this and other questions, the issue counts with the collaboration of Jos\u00e9 D\u00edaz Cuy\u00e1s, Eugenia Afinogu\u00e9nova, Mariano de Santa Ana, Gilberto Gonz\u00e1lez, Dean MacCannell, James Meyer, Lena Pe\u00f1ate y Juan Jos\u00e9 Valencia, Richard Hamilton, Kelly Yeaton, Vicente Benet, Roberto Gil Hern\u00e1ndez, Beatriz Herr\u00e1ez and George Maciunas.<\/p>\n","protected":false},"excerpt":{"rendered":"\nConcreta 10, Art and tourism (Autumn 2017).\n","protected":false},"featured_media":6503,"template":"","meta":[],"product_brand":[],"product_cat":[239],"product_tag":[241],"class_list":{"0":"post-7211","1":"product","2":"type-product","3":"status-publish","4":"has-post-thumbnail","6":"product_cat-concreta-journal","7":"product_tag-spanish","8":"cs-entry","9":"cs-video-wrap","11":"first","12":"instock","13":"taxable","14":"shipping-taxable","15":"purchasable","16":"product-type-simple"},"_links":{"self":[{"href":"https:\/\/editorialconcreta.org\/en\/wp-json\/wp\/v2\/product\/7211","targetHints":{"allow":["GET"]}}],"collection":[{"href":"https:\/\/editorialconcreta.org\/en\/wp-json\/wp\/v2\/product"}],"about":[{"href":"https:\/\/editorialconcreta.org\/en\/wp-json\/wp\/v2\/types\/product"}],"wp:featuredmedia":[{"embeddable":true,"href":"https:\/\/editorialconcreta.org\/en\/wp-json\/wp\/v2\/media\/6503"}],"wp:attachment":[{"href":"https:\/\/editorialconcreta.org\/en\/wp-json\/wp\/v2\/media?parent=7211"}],"wp:term":[{"taxonomy":"product_brand","embeddable":true,"href":"https:\/\/editorialconcreta.org\/en\/wp-json\/wp\/v2\/product_brand?post=7211"},{"taxonomy":"product_cat","embeddable":true,"href":"https:\/\/editorialconcreta.org\/en\/wp-json\/wp\/v2\/product_cat?post=7211"},{"taxonomy":"product_tag","embeddable":true,"href":"https:\/\/editorialconcreta.org\/en\/wp-json\/wp\/v2\/product_tag?post=7211"}],"curies":[{"name":"wp","href":"https:\/\/api.w.org\/{rel}","templated":true}]}}