{"id":7213,"date":"2018-10-16T17:36:36","date_gmt":"2018-10-16T15:36:36","guid":{"rendered":"https:\/\/editorialconcreta.org\/?post_type=product&#038;p=7213"},"modified":"2024-04-23T16:13:48","modified_gmt":"2024-04-23T14:13:48","slug":"concreta-12","status":"publish","type":"product","link":"https:\/\/editorialconcreta.org\/en\/shop\/concreta-journal\/concreta-12\/","title":{"rendered":"Concreta 12"},"content":{"rendered":"<p>Poses different approaches to what could be a cinema-to-come today. And it does so from the digital dematerialization and the multiplication of screens and cameras, and from the forms of rematerialization of the filmic: its &#8220;becoming body&#8221; in the everyday, its relational promiscuity with other artistic practices, and its breaks, deviations and contemporary ravings. It counts with the collaboration of Pere Portabella, Miguel \u00c1ngel Baixauli, Sonia Mart\u00ednez, Vicente Ponce, Natalia Mar\u00edn, Christine Buci-Glucksmann, Patricia Pisters, Andr\u00e9s Duque, \u00c1lvaro de los \u00c1ngeles, Glauber Rocha, Manuel As\u00edn, Daniel Pitarch, Daniela Ortiz, Los ingr\u00e1vidos, Isabel de Naver\u00e1n, Christa Bl\u00fcmlinger, Ana Carvalho, Fabio Costa Menezes, Vicent Carelli and Tita, Chus Dom\u00ednguez and Bel\u00e9n Sola, and Societat Doctor Alonso.<\/p>\n","protected":false},"excerpt":{"rendered":"\nConcreta 12, Cinema to come (Autumn 2018).\n","protected":false},"featured_media":6468,"template":"","meta":[],"product_brand":[],"product_cat":[239],"product_tag":[241],"class_list":{"0":"post-7213","1":"product","2":"type-product","3":"status-publish","4":"has-post-thumbnail","6":"product_cat-concreta-journal","7":"product_tag-spanish","8":"cs-entry","9":"cs-video-wrap","11":"first","12":"instock","13":"taxable","14":"shipping-taxable","15":"purchasable","16":"product-type-simple"},"_links":{"self":[{"href":"https:\/\/editorialconcreta.org\/en\/wp-json\/wp\/v2\/product\/7213","targetHints":{"allow":["GET"]}}],"collection":[{"href":"https:\/\/editorialconcreta.org\/en\/wp-json\/wp\/v2\/product"}],"about":[{"href":"https:\/\/editorialconcreta.org\/en\/wp-json\/wp\/v2\/types\/product"}],"wp:featuredmedia":[{"embeddable":true,"href":"https:\/\/editorialconcreta.org\/en\/wp-json\/wp\/v2\/media\/6468"}],"wp:attachment":[{"href":"https:\/\/editorialconcreta.org\/en\/wp-json\/wp\/v2\/media?parent=7213"}],"wp:term":[{"taxonomy":"product_brand","embeddable":true,"href":"https:\/\/editorialconcreta.org\/en\/wp-json\/wp\/v2\/product_brand?post=7213"},{"taxonomy":"product_cat","embeddable":true,"href":"https:\/\/editorialconcreta.org\/en\/wp-json\/wp\/v2\/product_cat?post=7213"},{"taxonomy":"product_tag","embeddable":true,"href":"https:\/\/editorialconcreta.org\/en\/wp-json\/wp\/v2\/product_tag?post=7213"}],"curies":[{"name":"wp","href":"https:\/\/api.w.org\/{rel}","templated":true}]}}