{"id":7214,"date":"2019-04-16T17:32:34","date_gmt":"2019-04-16T15:32:34","guid":{"rendered":"https:\/\/editorialconcreta.org\/?post_type=product&#038;p=7214"},"modified":"2024-04-23T16:14:51","modified_gmt":"2024-04-23T14:14:51","slug":"concreta-13","status":"publish","type":"product","link":"https:\/\/editorialconcreta.org\/en\/shop\/concreta-journal\/concreta-13\/","title":{"rendered":"Concreta 13"},"content":{"rendered":"<p>Proposes the complex and vast task of addressing contemporary curating practices beyond the exhibition space. Una propuesta que nos remite directamente a la imposibilidad de comprender como principio. Edited by a new generation of open-call athletes, these essays analyse a context in transition, emerged from the heat of the Internet and its obsession with real time. It counts with the collaboration of Stefanie Hessler, New Scenario, Mold Map, Cordova, Auto Italia South East, Lucy Steeds, Hans Ulrich Obrist, Leire Vergara, Laura Vall\u00e9s, ofluxo.net, Brad Troemel, @boombboring, Carles \u00c0ngel Sauri, Ali A Maderuelo and Julia Castell\u00f3.<\/p>\n","protected":false},"excerpt":{"rendered":"\nConcreta 13, Fragile, volatile and precarious (Spring 2019).\n","protected":false},"featured_media":5829,"template":"","meta":[],"product_brand":[],"product_cat":[239],"product_tag":[241],"class_list":{"0":"post-7214","1":"product","2":"type-product","3":"status-publish","4":"has-post-thumbnail","6":"product_cat-concreta-journal","7":"product_tag-spanish","8":"cs-entry","9":"cs-video-wrap","11":"first","12":"instock","13":"taxable","14":"shipping-taxable","15":"purchasable","16":"product-type-simple"},"_links":{"self":[{"href":"https:\/\/editorialconcreta.org\/en\/wp-json\/wp\/v2\/product\/7214","targetHints":{"allow":["GET"]}}],"collection":[{"href":"https:\/\/editorialconcreta.org\/en\/wp-json\/wp\/v2\/product"}],"about":[{"href":"https:\/\/editorialconcreta.org\/en\/wp-json\/wp\/v2\/types\/product"}],"wp:featuredmedia":[{"embeddable":true,"href":"https:\/\/editorialconcreta.org\/en\/wp-json\/wp\/v2\/media\/5829"}],"wp:attachment":[{"href":"https:\/\/editorialconcreta.org\/en\/wp-json\/wp\/v2\/media?parent=7214"}],"wp:term":[{"taxonomy":"product_brand","embeddable":true,"href":"https:\/\/editorialconcreta.org\/en\/wp-json\/wp\/v2\/product_brand?post=7214"},{"taxonomy":"product_cat","embeddable":true,"href":"https:\/\/editorialconcreta.org\/en\/wp-json\/wp\/v2\/product_cat?post=7214"},{"taxonomy":"product_tag","embeddable":true,"href":"https:\/\/editorialconcreta.org\/en\/wp-json\/wp\/v2\/product_tag?post=7214"}],"curies":[{"name":"wp","href":"https:\/\/api.w.org\/{rel}","templated":true}]}}