{"id":7215,"date":"2019-10-16T17:29:41","date_gmt":"2019-10-16T15:29:41","guid":{"rendered":"https:\/\/editorialconcreta.org\/?post_type=product&#038;p=7215"},"modified":"2024-04-23T16:16:25","modified_gmt":"2024-04-23T14:16:25","slug":"concreta-14","status":"publish","type":"product","link":"https:\/\/editorialconcreta.org\/en\/shop\/concreta-journal\/concreta-14\/","title":{"rendered":"Concreta 14"},"content":{"rendered":"<p>Proposes an entanglement between rrom, gypsies and flamencos to define camp as a real and sensitive construction, full of trompe l\u2019oeil, tricks and traps. A nomadic cultural field that operates as an interference, beyond music and dance. Camp, in short, as a space traversed by movements of the bodies and objects that remained on the margins of history. It counts with the collaboration of Pedro G. Romero, Ethel Brooks, Mar\u00eda Garc\u00eda Ruiz, Teresa San Rom\u00e1n, Pastori Filigrana, Joy Charpentier, Delaline Le Bas, Gerhard Steingress, Isaki Lacuesta, Alice Becker Ho, George Didi-Huberman, Leonardo Piasere and Alejandra Riera.<\/p>\n","protected":false},"excerpt":{"rendered":"\nConcreta 14, What is camp? (Autumn 2019).\n","protected":false},"featured_media":5828,"template":"","meta":[],"product_brand":[],"product_cat":[239],"product_tag":[241],"class_list":{"0":"post-7215","1":"product","2":"type-product","3":"status-publish","4":"has-post-thumbnail","6":"product_cat-concreta-journal","7":"product_tag-spanish","8":"cs-entry","9":"cs-video-wrap","11":"first","12":"instock","13":"taxable","14":"shipping-taxable","15":"purchasable","16":"product-type-simple"},"_links":{"self":[{"href":"https:\/\/editorialconcreta.org\/en\/wp-json\/wp\/v2\/product\/7215","targetHints":{"allow":["GET"]}}],"collection":[{"href":"https:\/\/editorialconcreta.org\/en\/wp-json\/wp\/v2\/product"}],"about":[{"href":"https:\/\/editorialconcreta.org\/en\/wp-json\/wp\/v2\/types\/product"}],"wp:featuredmedia":[{"embeddable":true,"href":"https:\/\/editorialconcreta.org\/en\/wp-json\/wp\/v2\/media\/5828"}],"wp:attachment":[{"href":"https:\/\/editorialconcreta.org\/en\/wp-json\/wp\/v2\/media?parent=7215"}],"wp:term":[{"taxonomy":"product_brand","embeddable":true,"href":"https:\/\/editorialconcreta.org\/en\/wp-json\/wp\/v2\/product_brand?post=7215"},{"taxonomy":"product_cat","embeddable":true,"href":"https:\/\/editorialconcreta.org\/en\/wp-json\/wp\/v2\/product_cat?post=7215"},{"taxonomy":"product_tag","embeddable":true,"href":"https:\/\/editorialconcreta.org\/en\/wp-json\/wp\/v2\/product_tag?post=7215"}],"curies":[{"name":"wp","href":"https:\/\/api.w.org\/{rel}","templated":true}]}}