{"id":7216,"date":"2020-04-16T17:07:37","date_gmt":"2020-04-16T15:07:37","guid":{"rendered":"https:\/\/editorialconcreta.org\/?post_type=product&#038;p=7216"},"modified":"2024-04-23T16:17:11","modified_gmt":"2024-04-23T14:17:11","slug":"concreta-15","status":"publish","type":"product","link":"https:\/\/editorialconcreta.org\/en\/shop\/concreta-journal\/concreta-15\/","title":{"rendered":"Concreta 15"},"content":{"rendered":"<p>Arises from the question, &#8220;can we wish the end of a world?&#8221;, and goes through the scenarios imagined by dystopian narratives and scientific projections that begin to creep into our social, economic and political realities whose exhaustion heralds a new horizon and confronts a new order. Edited by Caja Negra, it counts with the collaboration of Yuk Hui, Leo Felipe, Naief Yehya, Jack Halberstam, Julia Volpato, Alejo Ponce de Le\u00f3n, Juliana Huxtable, criticaldias, Jos\u00e9 Esteban Mu\u00f1oz, Paolo Tavares, Zoe Leonard, Lucrecia Masson, Moira Mill\u00e1n, Santiago Villanueva, Sof\u00eda Dourron, Aliwen, Paco Chanivet and Lina Meruane.<\/p>\n","protected":false},"excerpt":{"rendered":"\nConcreta 15, Can one wish for the end of a world? (Spring 2020).\n","protected":false},"featured_media":5827,"template":"","meta":[],"product_brand":[],"product_cat":[239],"product_tag":[241],"class_list":{"0":"post-7216","1":"product","2":"type-product","3":"status-publish","4":"has-post-thumbnail","6":"product_cat-concreta-journal","7":"product_tag-spanish","8":"cs-entry","9":"cs-video-wrap","11":"first","12":"instock","13":"taxable","14":"shipping-taxable","15":"purchasable","16":"product-type-simple"},"_links":{"self":[{"href":"https:\/\/editorialconcreta.org\/en\/wp-json\/wp\/v2\/product\/7216","targetHints":{"allow":["GET"]}}],"collection":[{"href":"https:\/\/editorialconcreta.org\/en\/wp-json\/wp\/v2\/product"}],"about":[{"href":"https:\/\/editorialconcreta.org\/en\/wp-json\/wp\/v2\/types\/product"}],"wp:featuredmedia":[{"embeddable":true,"href":"https:\/\/editorialconcreta.org\/en\/wp-json\/wp\/v2\/media\/5827"}],"wp:attachment":[{"href":"https:\/\/editorialconcreta.org\/en\/wp-json\/wp\/v2\/media?parent=7216"}],"wp:term":[{"taxonomy":"product_brand","embeddable":true,"href":"https:\/\/editorialconcreta.org\/en\/wp-json\/wp\/v2\/product_brand?post=7216"},{"taxonomy":"product_cat","embeddable":true,"href":"https:\/\/editorialconcreta.org\/en\/wp-json\/wp\/v2\/product_cat?post=7216"},{"taxonomy":"product_tag","embeddable":true,"href":"https:\/\/editorialconcreta.org\/en\/wp-json\/wp\/v2\/product_tag?post=7216"}],"curies":[{"name":"wp","href":"https:\/\/api.w.org\/{rel}","templated":true}]}}