{"id":7217,"date":"2020-10-16T17:00:39","date_gmt":"2020-10-16T15:00:39","guid":{"rendered":"https:\/\/editorialconcreta.org\/?post_type=product&#038;p=7217"},"modified":"2024-04-23T16:18:03","modified_gmt":"2024-04-23T14:18:03","slug":"concreta-16","status":"publish","type":"product","link":"https:\/\/editorialconcreta.org\/en\/shop\/concreta-journal\/concreta-16\/","title":{"rendered":"Concreta 16"},"content":{"rendered":"<p>Proposes a series of collective and individual positions fed by indigenous and non-indigenous traditions and developed in Latin America. New words, assumptions, attitudes and desires bring us closer to the effectiveness of art to promote contact between communities, but also to its colonial spirit of growth and incorporation. It counts with the collaboration of Pablo Lafuente, Umus P\u00e3r\u00f5kumu (Firmiano Arantes Lana) and T\u00f5r\u00e3mu Keh\u00edri (Luiz Gomes Lana), Sandra Benites, Luiza Proen\u00e7a, Elvira Espejo, Denilson Baniwa, Sallisa Rosa, Jaider Esbell, Clarissa Diniz, Fernando Palma, Mar\u00eda Berr\u00edos, Francisco Huichaqueo, Mar\u00eda \u00cd\u00f1igo, Benvenuto Ixtelal\u00e1, Gleyce Kelly Heitor and Akari Waura.<\/p>\n","protected":false},"excerpt":{"rendered":"\nConcreta 16, In other words (Autumn 2020).\n","protected":false},"featured_media":5826,"template":"","meta":[],"product_brand":[],"product_cat":[239],"product_tag":[241],"class_list":{"0":"post-7217","1":"product","2":"type-product","3":"status-publish","4":"has-post-thumbnail","6":"product_cat-concreta-journal","7":"product_tag-spanish","8":"cs-entry","9":"cs-video-wrap","11":"first","12":"instock","13":"taxable","14":"shipping-taxable","15":"purchasable","16":"product-type-simple"},"_links":{"self":[{"href":"https:\/\/editorialconcreta.org\/en\/wp-json\/wp\/v2\/product\/7217","targetHints":{"allow":["GET"]}}],"collection":[{"href":"https:\/\/editorialconcreta.org\/en\/wp-json\/wp\/v2\/product"}],"about":[{"href":"https:\/\/editorialconcreta.org\/en\/wp-json\/wp\/v2\/types\/product"}],"wp:featuredmedia":[{"embeddable":true,"href":"https:\/\/editorialconcreta.org\/en\/wp-json\/wp\/v2\/media\/5826"}],"wp:attachment":[{"href":"https:\/\/editorialconcreta.org\/en\/wp-json\/wp\/v2\/media?parent=7217"}],"wp:term":[{"taxonomy":"product_brand","embeddable":true,"href":"https:\/\/editorialconcreta.org\/en\/wp-json\/wp\/v2\/product_brand?post=7217"},{"taxonomy":"product_cat","embeddable":true,"href":"https:\/\/editorialconcreta.org\/en\/wp-json\/wp\/v2\/product_cat?post=7217"},{"taxonomy":"product_tag","embeddable":true,"href":"https:\/\/editorialconcreta.org\/en\/wp-json\/wp\/v2\/product_tag?post=7217"}],"curies":[{"name":"wp","href":"https:\/\/api.w.org\/{rel}","templated":true}]}}