{"id":7218,"date":"2021-04-16T16:31:38","date_gmt":"2021-04-16T14:31:38","guid":{"rendered":"https:\/\/editorialconcreta.org\/?post_type=product&#038;p=7218"},"modified":"2024-04-23T16:18:55","modified_gmt":"2024-04-23T14:18:55","slug":"concreta-17","status":"publish","type":"product","link":"https:\/\/editorialconcreta.org\/en\/shop\/concreta-journal\/concreta-17\/","title":{"rendered":"Concreta 17"},"content":{"rendered":"<p>Offers a chorus of voices that approach the issue of the bodies: their legibility and political, poetic and aesthetic alliances beyond representation. It counts with the collaboration of Laura Vall\u00e9s V\u00edlchez, Ursula K. Le Guin, N\u00e9stor Garc\u00eda, Yael Davids, Jon Mikel Euba, Andrea Soto Calder\u00f3n, Marina Vishmidt, Paula P\u00e9rez-Rodr\u00edguez, Jorge Satorre, Mar\u00eda Salgado, Mar\u00eda Montero Sierra, Lara Garc\u00eda D\u00edaz, Irene Blanco-Fuente, Miguel \u00c1ngel L\u00f3pez-S\u00e1ez, Lucas Platero and \u00c1lex Mart\u00edn Rod.<\/p>\n","protected":false},"excerpt":{"rendered":"\nConcreta 17, Sonorities at the frontiers of the body (Spring 2021).\n","protected":false},"featured_media":5825,"template":"","meta":[],"product_brand":[],"product_cat":[239],"product_tag":[241],"class_list":{"0":"post-7218","1":"product","2":"type-product","3":"status-publish","4":"has-post-thumbnail","6":"product_cat-concreta-journal","7":"product_tag-spanish","8":"cs-entry","9":"cs-video-wrap","11":"first","12":"instock","13":"taxable","14":"shipping-taxable","15":"purchasable","16":"product-type-simple"},"_links":{"self":[{"href":"https:\/\/editorialconcreta.org\/en\/wp-json\/wp\/v2\/product\/7218","targetHints":{"allow":["GET"]}}],"collection":[{"href":"https:\/\/editorialconcreta.org\/en\/wp-json\/wp\/v2\/product"}],"about":[{"href":"https:\/\/editorialconcreta.org\/en\/wp-json\/wp\/v2\/types\/product"}],"wp:featuredmedia":[{"embeddable":true,"href":"https:\/\/editorialconcreta.org\/en\/wp-json\/wp\/v2\/media\/5825"}],"wp:attachment":[{"href":"https:\/\/editorialconcreta.org\/en\/wp-json\/wp\/v2\/media?parent=7218"}],"wp:term":[{"taxonomy":"product_brand","embeddable":true,"href":"https:\/\/editorialconcreta.org\/en\/wp-json\/wp\/v2\/product_brand?post=7218"},{"taxonomy":"product_cat","embeddable":true,"href":"https:\/\/editorialconcreta.org\/en\/wp-json\/wp\/v2\/product_cat?post=7218"},{"taxonomy":"product_tag","embeddable":true,"href":"https:\/\/editorialconcreta.org\/en\/wp-json\/wp\/v2\/product_tag?post=7218"}],"curies":[{"name":"wp","href":"https:\/\/api.w.org\/{rel}","templated":true}]}}