{"id":7219,"date":"2021-10-15T18:22:10","date_gmt":"2021-10-15T16:22:10","guid":{"rendered":"https:\/\/editorialconcreta.org\/?post_type=product&#038;p=7219"},"modified":"2024-04-23T16:19:43","modified_gmt":"2024-04-23T14:19:43","slug":"concreta-18","status":"publish","type":"product","link":"https:\/\/editorialconcreta.org\/en\/shop\/concreta-journal\/concreta-18\/","title":{"rendered":"Concreta 18"},"content":{"rendered":"<p>Reflects on the restitution and reparation of African heritage in the post-colonial context. An issue circumscribed to the return of collected or looted objects that often ignores the immaterial dimension outside the walls of museums. It counts with the editing of Hasan G. L\u00f3pez Sanz, Tania Safura Adam and the collaboration of Massamba Lea Gu\u00e8ye, \u00c1ngela Rodr\u00edguez Perea, Fran\u00e7oise Verg\u00e8s, Catarina Sim\u00e3o, Kader Attia, Sammy Baloji, Grada Kilomba, Yinka Esi Graves, Miguel \u00c1ngel Rosales, Javier Fern\u00e1ndez V\u00e1zquez, Dan Hicks, Iv\u00e1n de la Nuez and L\u00e9opold S\u00e9dar Senghor.<\/p>\n","protected":false},"excerpt":{"rendered":"\nConcreta 18, Dialogue as restitution and reparation Beyond the objects (Autumn 2021).\n","protected":false},"featured_media":5821,"template":"","meta":[],"product_brand":[],"product_cat":[239],"product_tag":[241],"class_list":{"0":"post-7219","1":"product","2":"type-product","3":"status-publish","4":"has-post-thumbnail","6":"product_cat-concreta-journal","7":"product_tag-spanish","8":"cs-entry","9":"cs-video-wrap","11":"first","12":"instock","13":"taxable","14":"shipping-taxable","15":"purchasable","16":"product-type-simple"},"_links":{"self":[{"href":"https:\/\/editorialconcreta.org\/en\/wp-json\/wp\/v2\/product\/7219","targetHints":{"allow":["GET"]}}],"collection":[{"href":"https:\/\/editorialconcreta.org\/en\/wp-json\/wp\/v2\/product"}],"about":[{"href":"https:\/\/editorialconcreta.org\/en\/wp-json\/wp\/v2\/types\/product"}],"wp:featuredmedia":[{"embeddable":true,"href":"https:\/\/editorialconcreta.org\/en\/wp-json\/wp\/v2\/media\/5821"}],"wp:attachment":[{"href":"https:\/\/editorialconcreta.org\/en\/wp-json\/wp\/v2\/media?parent=7219"}],"wp:term":[{"taxonomy":"product_brand","embeddable":true,"href":"https:\/\/editorialconcreta.org\/en\/wp-json\/wp\/v2\/product_brand?post=7219"},{"taxonomy":"product_cat","embeddable":true,"href":"https:\/\/editorialconcreta.org\/en\/wp-json\/wp\/v2\/product_cat?post=7219"},{"taxonomy":"product_tag","embeddable":true,"href":"https:\/\/editorialconcreta.org\/en\/wp-json\/wp\/v2\/product_tag?post=7219"}],"curies":[{"name":"wp","href":"https:\/\/api.w.org\/{rel}","templated":true}]}}