{"id":7220,"date":"2022-04-15T15:29:49","date_gmt":"2022-04-15T13:29:49","guid":{"rendered":"https:\/\/editorialconcreta.org\/?post_type=product&#038;p=7220"},"modified":"2024-04-23T16:22:27","modified_gmt":"2024-04-23T14:22:27","slug":"concreta-19","status":"publish","type":"product","link":"https:\/\/editorialconcreta.org\/en\/shop\/concreta-journal\/concreta-19\/","title":{"rendered":"Concreta 19"},"content":{"rendered":"<p>Unfolds a renewed literacy of time and conjures up subsequent epistemic shifts by resituating us in the chain to which we have always belonged: deep time, dark time, crip time, vegetable time, cyclical time. How this deep time is articulated in contemporary artistic, curatorial and philosophical practices is the subject of this issue. It is edited by B\u00e1rbara Rodr\u00edguez Mu\u00f1oz, with contributions by Catherine Malabou, Petra Feriancov\u00e1, Grace L. Dillon, Laura Vall\u00e9s V\u00edlchez, Maria Ptqk, Irene Kopelman, Sop, Miguel \u00c1ngel Mart\u00ednez, Tavia Nyong\u2019o, Institute for Postnatural Studies, Jorge Van den Eynde, Kim Hyesoon, Rachel Pimm and Graham Cunnington.<\/p>\n","protected":false},"excerpt":{"rendered":"\nConcreta 19, Deep time (Spring 2022).\n","protected":false},"featured_media":5820,"template":"","meta":[],"product_brand":[],"product_cat":[239],"product_tag":[241],"class_list":{"0":"post-7220","1":"product","2":"type-product","3":"status-publish","4":"has-post-thumbnail","6":"product_cat-concreta-journal","7":"product_tag-spanish","8":"cs-entry","9":"cs-video-wrap","11":"first","12":"instock","13":"taxable","14":"shipping-taxable","15":"purchasable","16":"product-type-simple"},"_links":{"self":[{"href":"https:\/\/editorialconcreta.org\/en\/wp-json\/wp\/v2\/product\/7220","targetHints":{"allow":["GET"]}}],"collection":[{"href":"https:\/\/editorialconcreta.org\/en\/wp-json\/wp\/v2\/product"}],"about":[{"href":"https:\/\/editorialconcreta.org\/en\/wp-json\/wp\/v2\/types\/product"}],"wp:featuredmedia":[{"embeddable":true,"href":"https:\/\/editorialconcreta.org\/en\/wp-json\/wp\/v2\/media\/5820"}],"wp:attachment":[{"href":"https:\/\/editorialconcreta.org\/en\/wp-json\/wp\/v2\/media?parent=7220"}],"wp:term":[{"taxonomy":"product_brand","embeddable":true,"href":"https:\/\/editorialconcreta.org\/en\/wp-json\/wp\/v2\/product_brand?post=7220"},{"taxonomy":"product_cat","embeddable":true,"href":"https:\/\/editorialconcreta.org\/en\/wp-json\/wp\/v2\/product_cat?post=7220"},{"taxonomy":"product_tag","embeddable":true,"href":"https:\/\/editorialconcreta.org\/en\/wp-json\/wp\/v2\/product_tag?post=7220"}],"curies":[{"name":"wp","href":"https:\/\/api.w.org\/{rel}","templated":true}]}}