{"id":7221,"date":"2022-10-15T15:24:54","date_gmt":"2022-10-15T13:24:54","guid":{"rendered":"https:\/\/editorialconcreta.org\/?post_type=product&#038;p=7221"},"modified":"2024-04-23T16:24:25","modified_gmt":"2024-04-23T14:24:25","slug":"concreta-20","status":"publish","type":"product","link":"https:\/\/editorialconcreta.org\/en\/shop\/concreta-journal\/concreta-20\/","title":{"rendered":"Concreta 20"},"content":{"rendered":"<p>Addresses arts education from precarization, privatization, homogenization and depoliticization, but also from opening processes and collective situated practices that exert influences and generate disruptions, impulses and experiences. Collaborators of this issue include Alba Colomo, Nora Sternfeld, Flavio Rodrigo, Laurence Rassel, Laura Vall\u00e9s V\u00edlchez, Val\u00e9rie Pihet, Massa Salvatge, \u00c9ricka Fl\u00f3rez, Bulegoa z\/b, Ana Devi\u0107 (WHW), Pablo Mart\u00ednez, Adiba Iriz Shahjahan, Harnoor Kaur, Francesc Royuela, Francesca Renda, Nuria Enguita, Susanne Hesse-Badibanga, Carlos Almela, Emma Bras\u00f3 y Pedagog\u00edas invisibles.<\/p>\n","protected":false},"excerpt":{"rendered":"\nConcreta 20, Pressing issues on art and education (Autumn 2022).\n","protected":false},"featured_media":5819,"template":"","meta":[],"product_brand":[],"product_cat":[239],"product_tag":[241],"class_list":{"0":"post-7221","1":"product","2":"type-product","3":"status-publish","4":"has-post-thumbnail","6":"product_cat-concreta-journal","7":"product_tag-spanish","8":"cs-entry","9":"cs-video-wrap","11":"first","12":"instock","13":"taxable","14":"shipping-taxable","15":"purchasable","16":"product-type-simple"},"_links":{"self":[{"href":"https:\/\/editorialconcreta.org\/en\/wp-json\/wp\/v2\/product\/7221","targetHints":{"allow":["GET"]}}],"collection":[{"href":"https:\/\/editorialconcreta.org\/en\/wp-json\/wp\/v2\/product"}],"about":[{"href":"https:\/\/editorialconcreta.org\/en\/wp-json\/wp\/v2\/types\/product"}],"wp:featuredmedia":[{"embeddable":true,"href":"https:\/\/editorialconcreta.org\/en\/wp-json\/wp\/v2\/media\/5819"}],"wp:attachment":[{"href":"https:\/\/editorialconcreta.org\/en\/wp-json\/wp\/v2\/media?parent=7221"}],"wp:term":[{"taxonomy":"product_brand","embeddable":true,"href":"https:\/\/editorialconcreta.org\/en\/wp-json\/wp\/v2\/product_brand?post=7221"},{"taxonomy":"product_cat","embeddable":true,"href":"https:\/\/editorialconcreta.org\/en\/wp-json\/wp\/v2\/product_cat?post=7221"},{"taxonomy":"product_tag","embeddable":true,"href":"https:\/\/editorialconcreta.org\/en\/wp-json\/wp\/v2\/product_tag?post=7221"}],"curies":[{"name":"wp","href":"https:\/\/api.w.org\/{rel}","templated":true}]}}