{"id":7234,"date":"2023-04-11T12:17:44","date_gmt":"2023-04-11T10:17:44","guid":{"rendered":"https:\/\/editorialconcreta.org\/?post_type=product&#038;p=7234"},"modified":"2024-06-03T11:17:18","modified_gmt":"2024-06-03T09:17:18","slug":"concreta-21","status":"publish","type":"product","link":"https:\/\/editorialconcreta.org\/en\/shop\/concreta-journal\/concreta-21\/","title":{"rendered":"Concreta 21"},"content":{"rendered":"<p>Proposes a genealogy of the media, channels and portals that we have used in fiction from the immaterial, mysterious and malleable prism of fantasy. It features the participation of Federico Campagna, Claudia Rodr\u00edguez Ponga, Lydia Ourahmane, Isabel Valli, Yasmine d\u2019O, Chus Mart\u00ednez, Carles \u00c0ngel Saur\u00ed, Guillem Sarri\u00e0, Dar\u00edo Alva, Diego Navarro, Juliette Lizotte, Ana Llurba, Mi You, Pilar Soler Montes, Rafa Barber Cortell and \u00c1lvaro Chior.<\/p>\n","protected":false},"excerpt":{"rendered":"\nConcreta 21, Let&#8217;s venture A genealogy of fantasy media (Spring 2023).\n","protected":false},"featured_media":5818,"template":"","meta":[],"product_brand":[],"product_cat":[239],"product_tag":[241],"class_list":{"0":"post-7234","1":"product","2":"type-product","3":"status-publish","4":"has-post-thumbnail","6":"product_cat-concreta-journal","7":"product_tag-spanish","8":"cs-entry","9":"cs-video-wrap","11":"first","12":"instock","13":"taxable","14":"shipping-taxable","15":"purchasable","16":"product-type-simple"},"_links":{"self":[{"href":"https:\/\/editorialconcreta.org\/en\/wp-json\/wp\/v2\/product\/7234","targetHints":{"allow":["GET"]}}],"collection":[{"href":"https:\/\/editorialconcreta.org\/en\/wp-json\/wp\/v2\/product"}],"about":[{"href":"https:\/\/editorialconcreta.org\/en\/wp-json\/wp\/v2\/types\/product"}],"wp:featuredmedia":[{"embeddable":true,"href":"https:\/\/editorialconcreta.org\/en\/wp-json\/wp\/v2\/media\/5818"}],"wp:attachment":[{"href":"https:\/\/editorialconcreta.org\/en\/wp-json\/wp\/v2\/media?parent=7234"}],"wp:term":[{"taxonomy":"product_brand","embeddable":true,"href":"https:\/\/editorialconcreta.org\/en\/wp-json\/wp\/v2\/product_brand?post=7234"},{"taxonomy":"product_cat","embeddable":true,"href":"https:\/\/editorialconcreta.org\/en\/wp-json\/wp\/v2\/product_cat?post=7234"},{"taxonomy":"product_tag","embeddable":true,"href":"https:\/\/editorialconcreta.org\/en\/wp-json\/wp\/v2\/product_tag?post=7234"}],"curies":[{"name":"wp","href":"https:\/\/api.w.org\/{rel}","templated":true}]}}