{"id":7241,"date":"2023-04-03T14:47:24","date_gmt":"2023-04-03T12:47:24","guid":{"rendered":"https:\/\/editorialconcreta.org\/?post_type=product&#038;p=7241"},"modified":"2024-08-28T17:29:03","modified_gmt":"2024-08-28T15:29:03","slug":"recuerdo-de-sevilla","status":"publish","type":"product","link":"https:\/\/editorialconcreta.org\/en\/shop\/artists-books\/recuerdo-de-sevilla-sp\/","title":{"rendered":"Recuerdo de Sevilla (SP)"},"content":{"rendered":"<p>En Recuerdo de Sevilla \u2014una investigaci\u00f3n que se inicia en 2014\u2014, la artista analiza los mecanismos sociales que contribuyen a la invisibilizaci\u00f3n de la mujer a trav\u00e9s de una relectura de la iconograf\u00eda de Sevilla y sus 162 calles rotuladas con nombre de mujer. Como explica Charo Ramos, se trata de una relectura cr\u00edtica de esta iconograf\u00eda, tan dependiente de las miradas for\u00e1neas, especialmente la acu\u00f1ada por los viajeros rom\u00e1nticos franceses: \u00abCada ficha est\u00e1 formada por una postal y una cita.<\/p>\n<p>El texto, escrito en castellano y en franc\u00e9s, consta de p\u00e1rrafos extra\u00eddos de las obras <em>Carmen<\/em> de Prosper M\u00e9rim\u00e9e y <em>La mujer y el pelele<\/em> de Pierre Lou\u00ffs en los que se nombra a las protagonistas: Carmen y Conchita. Esas citas se cruzan, por un lado, con los 162 nombres de mujer usados en el nomencl\u00e1tor sevillano (que van ordenados alfab\u00e9ticamente), y, por otro, con una colecci\u00f3n de postales \u2014m\u00e1s bien, antipostales\u2014 que muestran una parte poco visible y a menudo perif\u00e9rica de la ciudad\u00bb. As\u00ed, Salinas \u00absubvierte nuestras expectativas, juega con lo imprevisible. Al hacer dialogar materiales de procedencia y finalidad muy distintos, pulverizando las jerarqu\u00edas a trav\u00e9s de iteraciones bajo un ep\u00edgrafe com\u00fan, estas antipostales parecen participar, por momentos, de la lib\u00e9rrima actitud de Luis Bu\u00f1uel \u2014que rod\u00f3 en escenarios del centro hist\u00f3rico de la ciudad su \u00faltima pel\u00edcula, <em>Ese oscuro objeto del deseo<\/em> (1977), adaptaci\u00f3n muy libre de <em>La mujer y el pelele<\/em>\u2014 y de las reflexiones sobre las contaminaciones culturales de Aby Warburg y sus colecciones de im\u00e1genes\u00bb.<\/p>\n<p>Esta publicaci\u00f3n se acompa\u00f1a de textos de Luis R. M\u00e9ndez, Charo Ramos y Roc\u00edo Plaza Orellana.<\/p>\n","protected":false},"excerpt":{"rendered":"\nThe work of Inmaculada Salinas (Guadalcanal, Seville, 1967) revolves around &#8220;the feminine&#8221;, understood as a social subject, which she places in a position that is not usually found, in which everything revolves around her. Salinas analyzes how this concept has been portrayed and transmitted throughout history through different systems of visual representation.\n","protected":false},"featured_media":5924,"template":"","meta":[],"product_brand":[],"product_cat":[238],"product_tag":[241],"class_list":{"0":"post-7241","1":"product","2":"type-product","3":"status-publish","4":"has-post-thumbnail","6":"product_cat-artists-books","7":"product_tag-spanish","8":"cs-entry","9":"cs-video-wrap","11":"first","12":"instock","13":"taxable","14":"shipping-taxable","15":"purchasable","16":"product-type-simple"},"_links":{"self":[{"href":"https:\/\/editorialconcreta.org\/en\/wp-json\/wp\/v2\/product\/7241","targetHints":{"allow":["GET"]}}],"collection":[{"href":"https:\/\/editorialconcreta.org\/en\/wp-json\/wp\/v2\/product"}],"about":[{"href":"https:\/\/editorialconcreta.org\/en\/wp-json\/wp\/v2\/types\/product"}],"wp:featuredmedia":[{"embeddable":true,"href":"https:\/\/editorialconcreta.org\/en\/wp-json\/wp\/v2\/media\/5924"}],"wp:attachment":[{"href":"https:\/\/editorialconcreta.org\/en\/wp-json\/wp\/v2\/media?parent=7241"}],"wp:term":[{"taxonomy":"product_brand","embeddable":true,"href":"https:\/\/editorialconcreta.org\/en\/wp-json\/wp\/v2\/product_brand?post=7241"},{"taxonomy":"product_cat","embeddable":true,"href":"https:\/\/editorialconcreta.org\/en\/wp-json\/wp\/v2\/product_cat?post=7241"},{"taxonomy":"product_tag","embeddable":true,"href":"https:\/\/editorialconcreta.org\/en\/wp-json\/wp\/v2\/product_tag?post=7241"}],"curies":[{"name":"wp","href":"https:\/\/api.w.org\/{rel}","templated":true}]}}