{"id":7243,"date":"2022-04-15T10:19:40","date_gmt":"2022-04-15T08:19:40","guid":{"rendered":"https:\/\/editorialconcreta.org\/?post_type=product&#038;p=7243"},"modified":"2024-08-28T17:30:52","modified_gmt":"2024-08-28T15:30:52","slug":"ensayo-para-deep-song","status":"publish","type":"product","link":"https:\/\/editorialconcreta.org\/en\/shop\/artists-books\/ensayo-para-deep-song-sp-en\/","title":{"rendered":"Ensayo para Deep Song (SP \/ EN)"},"content":{"rendered":"<p>Lasurt translates Graham&#8217;s performative gesture into a pictorial act, without forgetting the relationship with the work of Federico Garc\u00eda Lorca that inspired its title: Poema del cante jondo (1931). This bilingual publication (Spanish and English) reinforces Lasurt&#8217;s investigative work in the contemporaneity of a historical event and its memory. Thus, the timelines that run through the book show in parallel the key dates of the works of Martha Graham and the piece by Garc\u00eda Lorca that are part of Lasurt&#8217;s study (1922-1941), both in relation to the most important political events. current highlights (2019-2021).<\/p>\n<p>The publication is accompanied by texts by Juan Guardiola (curator of the exhibition at the Federico Garc\u00eda Lorca Center), Stamatina Gregory and Anna Adell, who review Graham&#8217;s works and the representation of suffering and terror in the still image regarding war Spanish civil society as facts that transcend the concrete to symbolize universal pain. For their part, Laura Garc\u00eda-Lorca \u2013 the poet&#8217;s niece \u2013 and Terese Capucilli \u2013 the first dancer to perform Deep Song and who collaborated in the reconstruction of the piece in 1988 \u2013 provide very personal perspectives on the works of Graham and Lasurt.<\/p>\n","protected":false},"excerpt":{"rendered":"\nEl pasado marzo de 2022, Lola Lasurt (Barcelona, 1983) presentaba Ensayo para Deep Song (Centro Federico Garc\u00eda Lorca, Granada), un proyecto expositivo en el que la artista catalana parte de la coreograf\u00eda Deep Song (1938) de la bailarina Martha Graham, creada en respuesta a las im\u00e1genes fijas y en movimiento que llegaban al p\u00fablico norteamericano sobre la guerra civil espa\u00f1ola.\n","protected":false},"featured_media":5926,"template":"","meta":[],"product_brand":[],"product_cat":[238],"product_tag":[242,241],"class_list":{"0":"post-7243","1":"product","2":"type-product","3":"status-publish","4":"has-post-thumbnail","6":"product_cat-artists-books","7":"product_tag-english","8":"product_tag-spanish","9":"cs-entry","10":"cs-video-wrap","12":"first","13":"instock","14":"taxable","15":"shipping-taxable","16":"purchasable","17":"product-type-simple"},"_links":{"self":[{"href":"https:\/\/editorialconcreta.org\/en\/wp-json\/wp\/v2\/product\/7243","targetHints":{"allow":["GET"]}}],"collection":[{"href":"https:\/\/editorialconcreta.org\/en\/wp-json\/wp\/v2\/product"}],"about":[{"href":"https:\/\/editorialconcreta.org\/en\/wp-json\/wp\/v2\/types\/product"}],"wp:featuredmedia":[{"embeddable":true,"href":"https:\/\/editorialconcreta.org\/en\/wp-json\/wp\/v2\/media\/5926"}],"wp:attachment":[{"href":"https:\/\/editorialconcreta.org\/en\/wp-json\/wp\/v2\/media?parent=7243"}],"wp:term":[{"taxonomy":"product_brand","embeddable":true,"href":"https:\/\/editorialconcreta.org\/en\/wp-json\/wp\/v2\/product_brand?post=7243"},{"taxonomy":"product_cat","embeddable":true,"href":"https:\/\/editorialconcreta.org\/en\/wp-json\/wp\/v2\/product_cat?post=7243"},{"taxonomy":"product_tag","embeddable":true,"href":"https:\/\/editorialconcreta.org\/en\/wp-json\/wp\/v2\/product_tag?post=7243"}],"curies":[{"name":"wp","href":"https:\/\/api.w.org\/{rel}","templated":true}]}}