{"id":7244,"date":"2022-04-12T10:28:07","date_gmt":"2022-04-12T08:28:07","guid":{"rendered":"https:\/\/editorialconcreta.org\/?post_type=product&#038;p=7244"},"modified":"2024-08-28T17:34:53","modified_gmt":"2024-08-28T15:34:53","slug":"libro-que-espera-su-edicion","status":"publish","type":"product","link":"https:\/\/editorialconcreta.org\/en\/shop\/artists-books\/libro-que-espera-su-edicion\/","title":{"rendered":"Libro que espera su edici\u00f3n (SP)"},"content":{"rendered":"<p>The importance of this document in book form (made in 1995 and edited in facsimile form under the care of Lorenzo Sandoval), on the one hand, comes from a time when historical memory was still approached in a timid way. On the other hand, the relevance of the publication is given by its inscription at a time in which there was a constant deconstruction of the logic of the monument from the sphere of art in the nineties.<\/p>\n<p>In those moments of questioning public art designed from positions of power, the CNT built a monument from below loaded with meaning, as well as developing a series of activities around it, what today we would call a discursive program. In this program, they brought together camp survivors, poets, writers and the vast majority of townspeople to recover the memory of the victims in an exercise of collective memory writing.<\/p>\n","protected":false},"excerpt":{"rendered":"\nBy Salom\u00e9 Molt\u00f3 and Floreal Rodr\u00edguez de la Paz, it covers the construction process of the monument in the vicinity of the Albatera concentration camp, where thousands of people were held. This field was one of the hardest during Franco&#8217;s regime.\n","protected":false},"featured_media":6183,"template":"","meta":[],"product_brand":[],"product_cat":[238],"product_tag":[241],"class_list":{"0":"post-7244","1":"product","2":"type-product","3":"status-publish","4":"has-post-thumbnail","6":"product_cat-artists-books","7":"product_tag-spanish","8":"cs-entry","9":"cs-video-wrap","11":"first","12":"outofstock","13":"taxable","14":"shipping-taxable","15":"purchasable","16":"product-type-simple"},"_links":{"self":[{"href":"https:\/\/editorialconcreta.org\/en\/wp-json\/wp\/v2\/product\/7244","targetHints":{"allow":["GET"]}}],"collection":[{"href":"https:\/\/editorialconcreta.org\/en\/wp-json\/wp\/v2\/product"}],"about":[{"href":"https:\/\/editorialconcreta.org\/en\/wp-json\/wp\/v2\/types\/product"}],"wp:featuredmedia":[{"embeddable":true,"href":"https:\/\/editorialconcreta.org\/en\/wp-json\/wp\/v2\/media\/6183"}],"wp:attachment":[{"href":"https:\/\/editorialconcreta.org\/en\/wp-json\/wp\/v2\/media?parent=7244"}],"wp:term":[{"taxonomy":"product_brand","embeddable":true,"href":"https:\/\/editorialconcreta.org\/en\/wp-json\/wp\/v2\/product_brand?post=7244"},{"taxonomy":"product_cat","embeddable":true,"href":"https:\/\/editorialconcreta.org\/en\/wp-json\/wp\/v2\/product_cat?post=7244"},{"taxonomy":"product_tag","embeddable":true,"href":"https:\/\/editorialconcreta.org\/en\/wp-json\/wp\/v2\/product_tag?post=7244"}],"curies":[{"name":"wp","href":"https:\/\/api.w.org\/{rel}","templated":true}]}}